{"id":10647,"date":"2023-09-06T15:20:52","date_gmt":"2023-09-06T15:20:52","guid":{"rendered":"https:\/\/chic-chac.com\/?page_id=10647"},"modified":"2026-02-19T21:38:57","modified_gmt":"2026-02-19T21:38:57","slug":"restaurant-quartier-general","status":"publish","type":"page","link":"https:\/\/chic-chac.com\/en\/restaurant-quartier-general\/","title":{"rendered":"HEADQUARTERS RESTAURANT"},"content":{"rendered":"<div class=\"wpb-content-wrapper\">[vc_row][vc_column][gt3_spacing height=&#8221;20px&#8221;][gt3_custom_text text_color=&#8221;#000000&#8243; font_size=&#8221;16&#8243;]\n<h3 style=\"text-align: left;\">CHIC-CHAC HEADQUARTERS RESTAURANT-BAR<\/h3>\n[\/gt3_custom_text][\/vc_column][\/vc_row][vc_row equal_height=&#8221;yes&#8221; column_separator_row=&#8221;&#8221;][vc_column width=&#8221;1\/2&#8243;][vc_single_image image=&#8221;12304&#8243; img_size=&#8221;full&#8221; css=&#8221;&#8221;][\/vc_column][vc_column width=&#8221;1\/2&#8243;][gt3_custom_text text_color=&#8221;#000000&#8243; font_size=&#8221;16&#8243;]\n<h4>OPENING HOURS &#8211; Winter 2026<\/h4>\n<p>7h to 10h30 &#8211; Breakfast<\/p>\n<p>11h to 13h30 &#8211; Lunch<\/p>\n<p>15h30 to 17h30 &#8211; Apr\u00e8s-Ski and opening of the bar<\/p>\n<p>17h30 to 21h &#8211; Supper<\/p>\n<p>Closing time depends on customer traffic and programming; check our <a href=\"https:\/\/www.facebook.com\/restoquartiergeneral\">Facebook<\/a> page for our opening hours and the latest restaurant news![\/gt3_custom_text][gt3_custom_text text_color=&#8221;#000000&#8243; font_size=&#8221;16&#8243;]Feel free to contact us at 418-784-3311 extension 0 if you need anything or want to make a reservation. We are available every day between 8:00 a.m. and 8:00 p.m.<\/p>\n<p>Takeout orders are available, but we cannot place orders by phone. You must come in person to place your order with the bartender.[\/gt3_custom_text][vc_btn title=&#8221;FOLLOW US ON FACEBOOK&#8221; color=&#8221;sky&#8221; css=&#8221;&#8221; link=&#8221;url:https%3A%2F%2Fwww.facebook.com%2Frestoquartiergeneral|target:_blank&#8221;][\/vc_column][\/vc_row][vc_row][vc_column][gt3_spacing height=&#8221;15px&#8221;][gt3_custom_text text_color=&#8221;#000000&#8243; font_size=&#8221;16&#8243;]\n<h4>A new menu for the winter 2025-2026!<\/h4>\n<p>Our kitchen team has been working hard to create a new menu for our customers. Scroll down to see the full menu and come visit us to discover their latest creations, you won&#8217;t be disappointed![\/gt3_custom_text][gt3_spacing height=&#8221;15px&#8221;][gt3_custom_text text_color=&#8221;#000000&#8243; font_size=&#8221;16&#8243;]\n<h4>BREAKFAST<\/h4>\n<p>An all-you-can-eat American-style buffet is available for lunch. Come wake up with a delicious coffee to start your day off right![\/gt3_custom_text][gt3_spacing height=&#8221;10px&#8221;][gt3_custom_text text_color=&#8221;#000000&#8243; font_size=&#8221;16&#8243;]\n<h4>LUNCH<\/h4>\n<p>A daily menu that changes according to our kitchen team&#8217;s inspiration! A perfect stop for lunch between runs and right next to the snowmobile trail.[\/gt3_custom_text][gt3_spacing height=&#8221;35px&#8221;][gt3_custom_text text_color=&#8221;#000000&#8243; font_size=&#8221;16&#8243;]\n<h4>APR\u00c8S-SKI AND SUPPER<\/h4>\n<p>Come discover our new menu, created by our team dedicated to providing you with an unforgettable experience at our establishment.<\/p>\n<p>Available between 3:30 pm and 9:00 pm[\/gt3_custom_text][\/vc_column][\/vc_row][vc_row][vc_column][vc_single_image image=&#8221;12145&#8243; img_size=&#8221;Large&#8221; alignment=&#8221;center&#8221; css=&#8221;&#8221;][\/vc_column][\/vc_row][vc_row][vc_column][gt3_custom_text text_color=&#8221;#000000&#8243; font_size=&#8221;16&#8243;]\n<h4>DRINKS MENU<\/h4>\n<p>Discover our bar menu, our various signature cocktails, our selection of beers, and other Gasp\u00e9 products.<\/p>\n<p>Available from 3:30 p.m. until closing time.[\/gt3_custom_text][\/vc_column][\/vc_row][vc_row][vc_column][vc_gallery interval=&#8221;3&#8243; images=&#8221;12421,12417,12169,12171,12175,12413&#8243; img_size=&#8221;1536&#215;0&#8243; css=&#8221;&#8221;][\/vc_column][\/vc_row][vc_row][vc_column][gt3_spacing height=&#8221;50px&#8221;][\/vc_column][\/vc_row][vc_row column_separator_row=&#8221;&#8221; masked_row=&#8221;&#8221; css=&#8221;.vc_custom_1601577430476{background-image: url(https:\/\/chic-chac.com\/wp-content\/uploads\/2020\/10\/background-small.png?id=4593) !important;}&#8221;][vc_column][gt3_spacing height=&#8221;35px&#8221;]<div class=\"evc-image-gallery evc-shortcode evc-element-has-columns  evc-ig-grid-type evc-three-columns evc-normal-space  \">\n\t<div class=\"evc-ig-wrapper evc-element-wrapper\">\n\t\t\t\t\t<div class=\"evc-ig-image-item evc-element-item\">\n\t\t\t\t<div class=\"evc-ig-image \">\n\t\t\t\t\t\t\t\t\t\t\n\t\t\t\t\t\t\t\t\t\t\n\t\t\t\t\t<img loading=\"lazy\" decoding=\"async\" width=\"457\" height=\"800\" src=\"https:\/\/chic-chac.com\/wp-content\/uploads\/2022\/09\/2022-BAR-8540.jpg\" class=\"attachment-full size-full\" alt=\"\" srcset=\"https:\/\/chic-chac.com\/wp-content\/uploads\/2022\/09\/2022-BAR-8540.jpg 457w, https:\/\/chic-chac.com\/wp-content\/uploads\/2022\/09\/2022-BAR-8540-171x300.jpg 171w\" sizes=\"auto, (max-width: 457px) 100vw, 457px\" \/>\t\t\t\t\t\n\t\t\t\t\t\t\t\t\t<\/div>\n\t\t\t<\/div>\n\t\t\t\t\t<div class=\"evc-ig-image-item evc-element-item\">\n\t\t\t\t<div class=\"evc-ig-image \">\n\t\t\t\t\t\t\t\t\t\t\n\t\t\t\t\t\t\t\t\t\t\n\t\t\t\t\t<img loading=\"lazy\" decoding=\"async\" width=\"1365\" height=\"2048\" src=\"https:\/\/chic-chac.com\/wp-content\/uploads\/2026\/02\/A7303844-2-1.jpg\" class=\"attachment-full size-full\" alt=\"\" srcset=\"https:\/\/chic-chac.com\/wp-content\/uploads\/2026\/02\/A7303844-2-1.jpg 1365w, https:\/\/chic-chac.com\/wp-content\/uploads\/2026\/02\/A7303844-2-1-200x300.jpg 200w, https:\/\/chic-chac.com\/wp-content\/uploads\/2026\/02\/A7303844-2-1-683x1024.jpg 683w, https:\/\/chic-chac.com\/wp-content\/uploads\/2026\/02\/A7303844-2-1-768x1152.jpg 768w, https:\/\/chic-chac.com\/wp-content\/uploads\/2026\/02\/A7303844-2-1-1024x1536.jpg 1024w\" sizes=\"auto, (max-width: 1365px) 100vw, 1365px\" \/>\t\t\t\t\t\n\t\t\t\t\t\t\t\t\t<\/div>\n\t\t\t<\/div>\n\t\t\t\t\t<div class=\"evc-ig-image-item evc-element-item\">\n\t\t\t\t<div class=\"evc-ig-image \">\n\t\t\t\t\t\t\t\t\t\t\n\t\t\t\t\t\t\t\t\t\t\n\t\t\t\t\t<img loading=\"lazy\" decoding=\"async\" width=\"1365\" height=\"2048\" src=\"https:\/\/chic-chac.com\/wp-content\/uploads\/2026\/02\/7f52d6f9-c88a-4c10-a76c-a83f0ef722df.jpg\" class=\"attachment-full size-full\" alt=\"\" srcset=\"https:\/\/chic-chac.com\/wp-content\/uploads\/2026\/02\/7f52d6f9-c88a-4c10-a76c-a83f0ef722df.jpg 1365w, https:\/\/chic-chac.com\/wp-content\/uploads\/2026\/02\/7f52d6f9-c88a-4c10-a76c-a83f0ef722df-200x300.jpg 200w, https:\/\/chic-chac.com\/wp-content\/uploads\/2026\/02\/7f52d6f9-c88a-4c10-a76c-a83f0ef722df-683x1024.jpg 683w, https:\/\/chic-chac.com\/wp-content\/uploads\/2026\/02\/7f52d6f9-c88a-4c10-a76c-a83f0ef722df-768x1152.jpg 768w, https:\/\/chic-chac.com\/wp-content\/uploads\/2026\/02\/7f52d6f9-c88a-4c10-a76c-a83f0ef722df-1024x1536.jpg 1024w\" sizes=\"auto, (max-width: 1365px) 100vw, 1365px\" \/>\t\t\t\t\t\n\t\t\t\t\t\t\t\t\t<\/div>\n\t\t\t<\/div>\n\t\t\t\t\t<div class=\"evc-ig-image-item evc-element-item\">\n\t\t\t\t<div class=\"evc-ig-image \">\n\t\t\t\t\t\t\t\t\t\t\n\t\t\t\t\t\t\t\t\t\t\n\t\t\t\t\t<img loading=\"lazy\" decoding=\"async\" width=\"1920\" height=\"1440\" src=\"https:\/\/chic-chac.com\/wp-content\/uploads\/2026\/02\/MENUChicchac2526-16.jpg\" class=\"attachment-full size-full\" alt=\"\" srcset=\"https:\/\/chic-chac.com\/wp-content\/uploads\/2026\/02\/MENUChicchac2526-16.jpg 1920w, https:\/\/chic-chac.com\/wp-content\/uploads\/2026\/02\/MENUChicchac2526-16-300x225.jpg 300w, https:\/\/chic-chac.com\/wp-content\/uploads\/2026\/02\/MENUChicchac2526-16-1024x768.jpg 1024w, https:\/\/chic-chac.com\/wp-content\/uploads\/2026\/02\/MENUChicchac2526-16-768x576.jpg 768w, https:\/\/chic-chac.com\/wp-content\/uploads\/2026\/02\/MENUChicchac2526-16-1536x1152.jpg 1536w\" sizes=\"auto, (max-width: 1920px) 100vw, 1920px\" \/>\t\t\t\t\t\n\t\t\t\t\t\t\t\t\t<\/div>\n\t\t\t<\/div>\n\t\t\t\t\t<div class=\"evc-ig-image-item evc-element-item\">\n\t\t\t\t<div class=\"evc-ig-image \">\n\t\t\t\t\t\t\t\t\t\t\n\t\t\t\t\t\t\t\t\t\t\n\t\t\t\t\t<img loading=\"lazy\" decoding=\"async\" width=\"1920\" height=\"1440\" src=\"https:\/\/chic-chac.com\/wp-content\/uploads\/2026\/02\/MENUChicchac2526-20.jpg\" class=\"attachment-full size-full\" alt=\"\" srcset=\"https:\/\/chic-chac.com\/wp-content\/uploads\/2026\/02\/MENUChicchac2526-20.jpg 1920w, https:\/\/chic-chac.com\/wp-content\/uploads\/2026\/02\/MENUChicchac2526-20-300x225.jpg 300w, https:\/\/chic-chac.com\/wp-content\/uploads\/2026\/02\/MENUChicchac2526-20-1024x768.jpg 1024w, https:\/\/chic-chac.com\/wp-content\/uploads\/2026\/02\/MENUChicchac2526-20-768x576.jpg 768w, https:\/\/chic-chac.com\/wp-content\/uploads\/2026\/02\/MENUChicchac2526-20-1536x1152.jpg 1536w\" sizes=\"auto, (max-width: 1920px) 100vw, 1920px\" \/>\t\t\t\t\t\n\t\t\t\t\t\t\t\t\t<\/div>\n\t\t\t<\/div>\n\t\t\t\t\t<div class=\"evc-ig-image-item evc-element-item\">\n\t\t\t\t<div class=\"evc-ig-image \">\n\t\t\t\t\t\t\t\t\t\t\n\t\t\t\t\t\t\t\t\t\t\n\t\t\t\t\t<img loading=\"lazy\" decoding=\"async\" width=\"1920\" height=\"1280\" src=\"https:\/\/chic-chac.com\/wp-content\/uploads\/2026\/02\/DSC07445.jpg\" class=\"attachment-full size-full\" alt=\"\" srcset=\"https:\/\/chic-chac.com\/wp-content\/uploads\/2026\/02\/DSC07445.jpg 1920w, https:\/\/chic-chac.com\/wp-content\/uploads\/2026\/02\/DSC07445-300x200.jpg 300w, https:\/\/chic-chac.com\/wp-content\/uploads\/2026\/02\/DSC07445-1024x683.jpg 1024w, https:\/\/chic-chac.com\/wp-content\/uploads\/2026\/02\/DSC07445-768x512.jpg 768w, https:\/\/chic-chac.com\/wp-content\/uploads\/2026\/02\/DSC07445-1536x1024.jpg 1536w\" sizes=\"auto, (max-width: 1920px) 100vw, 1920px\" \/>\t\t\t\t\t\n\t\t\t\t\t\t\t\t\t<\/div>\n\t\t\t<\/div>\n\t\t\t\t\t<div class=\"evc-ig-image-item evc-element-item\">\n\t\t\t\t<div class=\"evc-ig-image \">\n\t\t\t\t\t\t\t\t\t\t\n\t\t\t\t\t\t\t\t\t\t\n\t\t\t\t\t<img loading=\"lazy\" decoding=\"async\" width=\"1920\" height=\"1280\" src=\"https:\/\/chic-chac.com\/wp-content\/uploads\/2026\/02\/89aad23f-cdce-4690-8dce-1ecace16e0b6.jpg\" class=\"attachment-full size-full\" alt=\"\" srcset=\"https:\/\/chic-chac.com\/wp-content\/uploads\/2026\/02\/89aad23f-cdce-4690-8dce-1ecace16e0b6.jpg 1920w, https:\/\/chic-chac.com\/wp-content\/uploads\/2026\/02\/89aad23f-cdce-4690-8dce-1ecace16e0b6-300x200.jpg 300w, https:\/\/chic-chac.com\/wp-content\/uploads\/2026\/02\/89aad23f-cdce-4690-8dce-1ecace16e0b6-1024x683.jpg 1024w, https:\/\/chic-chac.com\/wp-content\/uploads\/2026\/02\/89aad23f-cdce-4690-8dce-1ecace16e0b6-768x512.jpg 768w, https:\/\/chic-chac.com\/wp-content\/uploads\/2026\/02\/89aad23f-cdce-4690-8dce-1ecace16e0b6-1536x1024.jpg 1536w\" sizes=\"auto, (max-width: 1920px) 100vw, 1920px\" \/>\t\t\t\t\t\n\t\t\t\t\t\t\t\t\t<\/div>\n\t\t\t<\/div>\n\t\t\t\t\t<div class=\"evc-ig-image-item evc-element-item\">\n\t\t\t\t<div class=\"evc-ig-image \">\n\t\t\t\t\t\t\t\t\t\t\n\t\t\t\t\t\t\t\t\t\t\n\t\t\t\t\t<img loading=\"lazy\" decoding=\"async\" width=\"1920\" height=\"1280\" src=\"https:\/\/chic-chac.com\/wp-content\/uploads\/2026\/02\/9145bf01-4a38-46d6-b7ad-8c086366d95f.jpg\" class=\"attachment-full size-full\" alt=\"\" srcset=\"https:\/\/chic-chac.com\/wp-content\/uploads\/2026\/02\/9145bf01-4a38-46d6-b7ad-8c086366d95f.jpg 1920w, https:\/\/chic-chac.com\/wp-content\/uploads\/2026\/02\/9145bf01-4a38-46d6-b7ad-8c086366d95f-300x200.jpg 300w, https:\/\/chic-chac.com\/wp-content\/uploads\/2026\/02\/9145bf01-4a38-46d6-b7ad-8c086366d95f-1024x683.jpg 1024w, https:\/\/chic-chac.com\/wp-content\/uploads\/2026\/02\/9145bf01-4a38-46d6-b7ad-8c086366d95f-768x512.jpg 768w, https:\/\/chic-chac.com\/wp-content\/uploads\/2026\/02\/9145bf01-4a38-46d6-b7ad-8c086366d95f-1536x1024.jpg 1536w\" sizes=\"auto, (max-width: 1920px) 100vw, 1920px\" \/>\t\t\t\t\t\n\t\t\t\t\t\t\t\t\t<\/div>\n\t\t\t<\/div>\n\t\t\t\t\t<div class=\"evc-ig-image-item evc-element-item\">\n\t\t\t\t<div class=\"evc-ig-image \">\n\t\t\t\t\t\t\t\t\t\t\n\t\t\t\t\t\t\t\t\t\t\n\t\t\t\t\t<img loading=\"lazy\" decoding=\"async\" width=\"1920\" height=\"1280\" src=\"https:\/\/chic-chac.com\/wp-content\/uploads\/2026\/02\/DSC07015.jpg\" class=\"attachment-full size-full\" alt=\"\" srcset=\"https:\/\/chic-chac.com\/wp-content\/uploads\/2026\/02\/DSC07015.jpg 1920w, https:\/\/chic-chac.com\/wp-content\/uploads\/2026\/02\/DSC07015-300x200.jpg 300w, https:\/\/chic-chac.com\/wp-content\/uploads\/2026\/02\/DSC07015-1024x683.jpg 1024w, https:\/\/chic-chac.com\/wp-content\/uploads\/2026\/02\/DSC07015-768x512.jpg 768w, https:\/\/chic-chac.com\/wp-content\/uploads\/2026\/02\/DSC07015-1536x1024.jpg 1536w\" sizes=\"auto, (max-width: 1920px) 100vw, 1920px\" \/>\t\t\t\t\t\n\t\t\t\t\t\t\t\t\t<\/div>\n\t\t\t<\/div>\n\t\t\t\t\t<div class=\"evc-ig-image-item evc-element-item\">\n\t\t\t\t<div class=\"evc-ig-image \">\n\t\t\t\t\t\t\t\t\t\t\n\t\t\t\t\t\t\t\t\t\t\n\t\t\t\t\t<img loading=\"lazy\" decoding=\"async\" width=\"1920\" height=\"1440\" src=\"https:\/\/chic-chac.com\/wp-content\/uploads\/2026\/02\/MENUChicchac2526.jpg\" class=\"attachment-full size-full\" alt=\"\" srcset=\"https:\/\/chic-chac.com\/wp-content\/uploads\/2026\/02\/MENUChicchac2526.jpg 1920w, https:\/\/chic-chac.com\/wp-content\/uploads\/2026\/02\/MENUChicchac2526-300x225.jpg 300w, https:\/\/chic-chac.com\/wp-content\/uploads\/2026\/02\/MENUChicchac2526-1024x768.jpg 1024w, https:\/\/chic-chac.com\/wp-content\/uploads\/2026\/02\/MENUChicchac2526-768x576.jpg 768w, https:\/\/chic-chac.com\/wp-content\/uploads\/2026\/02\/MENUChicchac2526-1536x1152.jpg 1536w\" sizes=\"auto, (max-width: 1920px) 100vw, 1920px\" \/>\t\t\t\t\t\n\t\t\t\t\t\t\t\t\t<\/div>\n\t\t\t<\/div>\n\t\t\t\t\t<div class=\"evc-ig-image-item evc-element-item\">\n\t\t\t\t<div class=\"evc-ig-image \">\n\t\t\t\t\t\t\t\t\t\t\n\t\t\t\t\t\t\t\t\t\t\n\t\t\t\t\t<img loading=\"lazy\" decoding=\"async\" width=\"1920\" height=\"1440\" src=\"https:\/\/chic-chac.com\/wp-content\/uploads\/2026\/02\/MENUChicchac2526-7.jpg\" class=\"attachment-full size-full\" alt=\"\" srcset=\"https:\/\/chic-chac.com\/wp-content\/uploads\/2026\/02\/MENUChicchac2526-7.jpg 1920w, https:\/\/chic-chac.com\/wp-content\/uploads\/2026\/02\/MENUChicchac2526-7-300x225.jpg 300w, https:\/\/chic-chac.com\/wp-content\/uploads\/2026\/02\/MENUChicchac2526-7-1024x768.jpg 1024w, https:\/\/chic-chac.com\/wp-content\/uploads\/2026\/02\/MENUChicchac2526-7-768x576.jpg 768w, https:\/\/chic-chac.com\/wp-content\/uploads\/2026\/02\/MENUChicchac2526-7-1536x1152.jpg 1536w\" sizes=\"auto, (max-width: 1920px) 100vw, 1920px\" \/>\t\t\t\t\t\n\t\t\t\t\t\t\t\t\t<\/div>\n\t\t\t<\/div>\n\t\t\t<\/div>\n<\/div>\n[gt3_spacing height=&#8221;40px&#8221;][gt3_custom_text text_color=&#8221;#ffffff&#8221; font_size=&#8221;16&#8243;]\n<h3 style=\"text-align: center;\">Don&#8217;t miss the Catski leaving\u2026<\/h3>\n[\/gt3_custom_text][vc_btn title=&#8221;Book now!&#8221; shape=&#8221;square&#8221; color=&#8221;warning&#8221; align=&#8221;center&#8221; css=&#8221;&#8221; link=&#8221;url:https%3A%2F%2Fchic-chac.com%2Fski-et-snowboard%2Fski-en-remontee-motorisee%2F|title:CATSKI&#8221;][gt3_spacing height=&#8221;65px&#8221;][\/vc_column][\/vc_row][vc_row][vc_column][gt3_spacing height=&#8221;100px&#8221;][\/vc_column][\/vc_row]\n<\/div>","protected":false},"excerpt":{"rendered":"<p>[vc_row][vc_column][gt3_spacing height=&#8221;20px&#8221;][gt3_custom_text text_color=&#8221;#000000&#8243; font_size=&#8221;16&#8243;] CHIC-CHAC HEADQUARTERS RESTAURANT-BAR [\/gt3_custom_text][\/vc_column][\/vc_row][vc_row equal_height=&#8221;yes&#8221; column_separator_row=&#8221;&#8221;][vc_column width=&#8221;1\/2&#8243;][vc_single_image image=&#8221;12304&#8243; img_size=&#8221;full&#8221; css=&#8221;&#8221;][\/vc_column][vc_column width=&#8221;1\/2&#8243;][gt3_custom_text text_color=&#8221;#000000&#8243; font_size=&#8221;16&#8243;] OPENING HOURS &#8211; Winter 2026 7h to 10h30 &#8211; Breakfast 11h to 13h30 &#8211; Lunch 15h30 to 17h30 &#8211; Apr\u00e8s-Ski and opening of the bar 17h30 to 21h &#8211; Supper Closing time depends on customer traffic and programming; [&hellip;]<\/p>\n","protected":false},"author":2,"featured_media":0,"parent":0,"menu_order":0,"comment_status":"closed","ping_status":"closed","template":"","meta":{"footnotes":""},"class_list":["post-10647","page","type-page","status-publish","hentry"],"yoast_head":"<!-- This site is optimized with the Yoast SEO plugin v27.3 - https:\/\/yoast.com\/product\/yoast-seo-wordpress\/ -->\n<title>HEADQUARTERS RESTAURANT - Chic-Chac<\/title>\n<meta name=\"description\" content=\"Restaurant gastronimque de Murdochville, le Quartier G\u00e9n\u00e9ral du Chic-Chac. Menu \u00e0 la carte, bar, salle de spectacle\" \/>\n<meta name=\"robots\" content=\"index, follow, max-snippet:-1, max-image-preview:large, max-video-preview:-1\" \/>\n<link rel=\"canonical\" href=\"https:\/\/chic-chac.com\/en\/restaurant-quartier-general\/\" \/>\n<meta property=\"og:locale\" content=\"en_US\" \/>\n<meta property=\"og:type\" content=\"article\" \/>\n<meta property=\"og:title\" content=\"HEADQUARTERS RESTAURANT - Chic-Chac\" \/>\n<meta property=\"og:description\" content=\"Restaurant gastronimque de Murdochville, le Quartier G\u00e9n\u00e9ral du Chic-Chac. Menu \u00e0 la carte, bar, salle de spectacle\" \/>\n<meta property=\"og:url\" content=\"https:\/\/chic-chac.com\/en\/restaurant-quartier-general\/\" \/>\n<meta property=\"og:site_name\" content=\"Chic-Chac\" \/>\n<meta property=\"article:modified_time\" content=\"2026-02-19T21:38:57+00:00\" \/>\n<meta property=\"og:image\" content=\"https:\/\/chic-chac.com\/wp-content\/uploads\/2021\/11\/2021_11_13_LION_3666.jpg\" \/>\n<meta name=\"twitter:card\" content=\"summary_large_image\" \/>\n<meta name=\"twitter:label1\" content=\"Est. reading time\" \/>\n\t<meta name=\"twitter:data1\" content=\"2 minutes\" \/>\n<script type=\"application\/ld+json\" class=\"yoast-schema-graph\">{\"@context\":\"https:\\\/\\\/schema.org\",\"@graph\":[{\"@type\":\"WebPage\",\"@id\":\"https:\\\/\\\/chic-chac.com\\\/en\\\/restaurant-quartier-general\\\/\",\"url\":\"https:\\\/\\\/chic-chac.com\\\/en\\\/restaurant-quartier-general\\\/\",\"name\":\"HEADQUARTERS RESTAURANT - Chic-Chac\",\"isPartOf\":{\"@id\":\"https:\\\/\\\/chic-chac.com\\\/#website\"},\"datePublished\":\"2023-09-06T15:20:52+00:00\",\"dateModified\":\"2026-02-19T21:38:57+00:00\",\"description\":\"Restaurant gastronimque de Murdochville, le Quartier G\u00e9n\u00e9ral du Chic-Chac. Menu \u00e0 la carte, bar, salle de spectacle\",\"breadcrumb\":{\"@id\":\"https:\\\/\\\/chic-chac.com\\\/en\\\/restaurant-quartier-general\\\/#breadcrumb\"},\"inLanguage\":\"en-US\",\"potentialAction\":[{\"@type\":\"ReadAction\",\"target\":[\"https:\\\/\\\/chic-chac.com\\\/en\\\/restaurant-quartier-general\\\/\"]}]},{\"@type\":\"BreadcrumbList\",\"@id\":\"https:\\\/\\\/chic-chac.com\\\/en\\\/restaurant-quartier-general\\\/#breadcrumb\",\"itemListElement\":[{\"@type\":\"ListItem\",\"position\":1,\"name\":\"Accueil\",\"item\":\"https:\\\/\\\/chic-chac.com\\\/en\\\/\"},{\"@type\":\"ListItem\",\"position\":2,\"name\":\"HEADQUARTERS RESTAURANT\"}]},{\"@type\":\"WebSite\",\"@id\":\"https:\\\/\\\/chic-chac.com\\\/#website\",\"url\":\"https:\\\/\\\/chic-chac.com\\\/\",\"name\":\"Chic-Chac\",\"description\":\"\",\"potentialAction\":[{\"@type\":\"SearchAction\",\"target\":{\"@type\":\"EntryPoint\",\"urlTemplate\":\"https:\\\/\\\/chic-chac.com\\\/?s={search_term_string}\"},\"query-input\":{\"@type\":\"PropertyValueSpecification\",\"valueRequired\":true,\"valueName\":\"search_term_string\"}}],\"inLanguage\":\"en-US\"}]}<\/script>\n<!-- \/ Yoast SEO plugin. -->","yoast_head_json":{"title":"HEADQUARTERS RESTAURANT - Chic-Chac","description":"Restaurant gastronimque de Murdochville, le Quartier G\u00e9n\u00e9ral du Chic-Chac. Menu \u00e0 la carte, bar, salle de spectacle","robots":{"index":"index","follow":"follow","max-snippet":"max-snippet:-1","max-image-preview":"max-image-preview:large","max-video-preview":"max-video-preview:-1"},"canonical":"https:\/\/chic-chac.com\/en\/restaurant-quartier-general\/","og_locale":"en_US","og_type":"article","og_title":"HEADQUARTERS RESTAURANT - Chic-Chac","og_description":"Restaurant gastronimque de Murdochville, le Quartier G\u00e9n\u00e9ral du Chic-Chac. Menu \u00e0 la carte, bar, salle de spectacle","og_url":"https:\/\/chic-chac.com\/en\/restaurant-quartier-general\/","og_site_name":"Chic-Chac","article_modified_time":"2026-02-19T21:38:57+00:00","og_image":[{"url":"https:\/\/chic-chac.com\/wp-content\/uploads\/2021\/11\/2021_11_13_LION_3666.jpg","type":"","width":"","height":""}],"twitter_card":"summary_large_image","twitter_misc":{"Est. reading time":"2 minutes"},"schema":{"@context":"https:\/\/schema.org","@graph":[{"@type":"WebPage","@id":"https:\/\/chic-chac.com\/en\/restaurant-quartier-general\/","url":"https:\/\/chic-chac.com\/en\/restaurant-quartier-general\/","name":"HEADQUARTERS RESTAURANT - Chic-Chac","isPartOf":{"@id":"https:\/\/chic-chac.com\/#website"},"datePublished":"2023-09-06T15:20:52+00:00","dateModified":"2026-02-19T21:38:57+00:00","description":"Restaurant gastronimque de Murdochville, le Quartier G\u00e9n\u00e9ral du Chic-Chac. Menu \u00e0 la carte, bar, salle de spectacle","breadcrumb":{"@id":"https:\/\/chic-chac.com\/en\/restaurant-quartier-general\/#breadcrumb"},"inLanguage":"en-US","potentialAction":[{"@type":"ReadAction","target":["https:\/\/chic-chac.com\/en\/restaurant-quartier-general\/"]}]},{"@type":"BreadcrumbList","@id":"https:\/\/chic-chac.com\/en\/restaurant-quartier-general\/#breadcrumb","itemListElement":[{"@type":"ListItem","position":1,"name":"Accueil","item":"https:\/\/chic-chac.com\/en\/"},{"@type":"ListItem","position":2,"name":"HEADQUARTERS RESTAURANT"}]},{"@type":"WebSite","@id":"https:\/\/chic-chac.com\/#website","url":"https:\/\/chic-chac.com\/","name":"Chic-Chac","description":"","potentialAction":[{"@type":"SearchAction","target":{"@type":"EntryPoint","urlTemplate":"https:\/\/chic-chac.com\/?s={search_term_string}"},"query-input":{"@type":"PropertyValueSpecification","valueRequired":true,"valueName":"search_term_string"}}],"inLanguage":"en-US"}]}},"_links":{"self":[{"href":"https:\/\/chic-chac.com\/en\/wp-json\/wp\/v2\/pages\/10647","targetHints":{"allow":["GET"]}}],"collection":[{"href":"https:\/\/chic-chac.com\/en\/wp-json\/wp\/v2\/pages"}],"about":[{"href":"https:\/\/chic-chac.com\/en\/wp-json\/wp\/v2\/types\/page"}],"author":[{"embeddable":true,"href":"https:\/\/chic-chac.com\/en\/wp-json\/wp\/v2\/users\/2"}],"replies":[{"embeddable":true,"href":"https:\/\/chic-chac.com\/en\/wp-json\/wp\/v2\/comments?post=10647"}],"version-history":[{"count":31,"href":"https:\/\/chic-chac.com\/en\/wp-json\/wp\/v2\/pages\/10647\/revisions"}],"predecessor-version":[{"id":12425,"href":"https:\/\/chic-chac.com\/en\/wp-json\/wp\/v2\/pages\/10647\/revisions\/12425"}],"wp:attachment":[{"href":"https:\/\/chic-chac.com\/en\/wp-json\/wp\/v2\/media?parent=10647"}],"curies":[{"name":"wp","href":"https:\/\/api.w.org\/{rel}","templated":true}]}}