{"id":11198,"date":"2023-08-28T14:25:42","date_gmt":"2023-08-28T14:25:42","guid":{"rendered":"https:\/\/chic-chac.com\/?page_id=11198"},"modified":"2026-04-15T20:29:35","modified_gmt":"2026-04-15T20:29:35","slug":"ski-and-snowboard1","status":"publish","type":"page","link":"https:\/\/chic-chac.com\/en\/ski-and-snowboard1\/","title":{"rendered":"Ski &#038; Snowboard"},"content":{"rendered":"<div class=\"wpb-content-wrapper\">[vc_row column_separator_row=&#8221;&#8221; masked_row=&#8221;&#8221;][vc_column][vc_row_inner][vc_column_inner width=&#8221;1\/3&#8243;][gt3_spacing height=&#8221;25px&#8221;][vc_single_image image=&#8221;8946&#8243; img_size=&#8221;full&#8221; alignment=&#8221;center&#8221; onclick=&#8221;custom_link&#8221; link=&#8221;https:\/\/chic-chac.com\/en\/ski-and-snowboard1\/catski\/&#8221;][gt3_custom_text text_color=&#8221;#000000&#8243; font_size=&#8221;16&#8243;]\n<h4 style=\"text-align: center;\">CATSKI (GUIDED)<\/h4>\n<p style=\"text-align: center;\">Explore our majestic mountains with our guided catski package offers.<\/p>\n[\/gt3_custom_text][gt3_spacing height=&#8221;47px&#8221;][vc_btn title=&#8221;More details&#8221; shape=&#8221;square&#8221; color=&#8221;warning&#8221; align=&#8221;center&#8221; link=&#8221;url:https%3A%2F%2Fchic-chac.com%2Fen%2Fski-and-snowboard%2Fcatski%2F|title:CATSKI%20M3&#8243;][gt3_spacing height=&#8221;25px&#8221;][\/vc_column_inner][vc_column_inner width=&#8221;1\/3&#8243;][gt3_spacing height=&#8221;25px&#8221;][vc_single_image image=&#8221;9006&#8243; img_size=&#8221;full&#8221; alignment=&#8221;center&#8221; onclick=&#8221;custom_link&#8221; link=&#8221;https:\/\/chic-chac.com\/en\/ski-and-snowboard1\/guided-ski-tour\/&#8221;][gt3_custom_text text_color=&#8221;#000000&#8243; font_size=&#8221;16&#8243;]\n<h4 style=\"text-align: center;\">GUIDED ALPINE TOURING (SKINS)<\/h4>\n<p style=\"text-align: center;\">Discover our beautiful mountains at ease with our guided alpine touring (skins) format, accompanied by an experienced guide.<\/p>\n[\/gt3_custom_text][vc_btn title=&#8221;More details&#8221; shape=&#8221;square&#8221; color=&#8221;warning&#8221; align=&#8221;center&#8221; link=&#8221;url:https%3A%2F%2Fchic-chac.com%2Fen%2Fski-and-snowboard%2Fguided-ski-tour%2F|title:Rando%20ski%20guid%C3%A9e&#8221;][gt3_spacing height=&#8221;25px&#8221;][\/vc_column_inner][vc_column_inner width=&#8221;1\/3&#8243;][gt3_spacing height=&#8221;25px&#8221;][vc_single_image image=&#8221;8980&#8243; img_size=&#8221;full&#8221; alignment=&#8221;center&#8221; onclick=&#8221;custom_link&#8221; link=&#8221;https:\/\/chic-chac.com\/en\/ski-and-snowboard1\/chic-chocs-heli-ski\/&#8221;][gt3_custom_text text_color=&#8221;#000000&#8243; font_size=&#8221;16&#8243;]\n<h4 style=\"text-align: center;\">HELISKI<\/h4>\n<p style=\"text-align: center;\">Explore the Chic-Chocs by soaring over the region with the exceptional heliskiing experience.<\/p>\n[\/gt3_custom_text][gt3_spacing height=&#8221;47px&#8221;][vc_btn title=&#8221;More details&#8221; shape=&#8221;square&#8221; color=&#8221;warning&#8221; align=&#8221;center&#8221; link=&#8221;url:https%3A%2F%2Fchic-chac.com%2Fen%2Fski-and-snowboard%2Fchic-chocs-heli-ski%2F|title:H%C3%89LISKI%20CHIC-CHOCS%20M3&#8243;][gt3_spacing height=&#8221;25px&#8221;][\/vc_column_inner][\/vc_row_inner][vc_video link=&#8221;https:\/\/www.youtube.com\/watch?v=p37R3-THOFI&#8221; align=&#8221;right&#8221; css=&#8221;&#8221;][vc_row_inner][vc_column_inner width=&#8221;1\/3&#8243;][gt3_spacing height=&#8221;25px&#8221;][vc_single_image image=&#8221;7728&#8243; img_size=&#8221;full&#8221; alignment=&#8221;center&#8221; onclick=&#8221;custom_link&#8221; link=&#8221;https:\/\/chic-chac.com\/en\/ski-and-snowboard1\/skimontmiller\/&#8221;][gt3_custom_text text_color=&#8221;#000000&#8243; font_size=&#8221;16&#8243;]\n<h4 style=\"text-align: center;\">MONT MILLER SKI RESORT<\/h4>\n<p style=\"text-align: center;\">100% natural snow, 280 meters of vertical drop, 32 trails and glades, T-Bar&#8230; Come practice your off-piste skiing.<\/p>\n[\/gt3_custom_text][vc_btn title=&#8221;More details&#8221; shape=&#8221;square&#8221; color=&#8221;warning&#8221; align=&#8221;center&#8221; link=&#8221;url:https%3A%2F%2Fchic-chac.com%2Fen%2Fski-and-snowboard%2Fskimontmiller%2F&#8221;][gt3_spacing height=&#8221;25px&#8221;][\/vc_column_inner][vc_column_inner width=&#8221;1\/3&#8243;][gt3_spacing height=&#8221;25px&#8221;][vc_single_image image=&#8221;9844&#8243; img_size=&#8221;full&#8221; alignment=&#8221;center&#8221; onclick=&#8221;custom_link&#8221; link=&#8221;https:\/\/chic-chac.com\/en\/ski-and-snowboard1\/playgrounds\/&#8221;][gt3_custom_text text_color=&#8221;#000000&#8243; font_size=&#8221;16&#8243;]\n<h4 style=\"text-align: center;\">PLAYGROUND<\/h4>\n<p style=\"text-align: center;\">Being located in the heart of the Gasp\u00e9 Peninsula, there is no shortage of mountain choices.<\/p>\n[\/gt3_custom_text][gt3_spacing height=&#8221;58px&#8221;][vc_btn title=&#8221;More details&#8221; shape=&#8221;square&#8221; color=&#8221;warning&#8221; align=&#8221;center&#8221; link=&#8221;url:https%3A%2F%2Fchic-chac.com%2Fen%2Fski-and-snowboard%2Fplaygrounds%2F|title:Terrains%20de%20jeux%20M2&#8243;][gt3_spacing height=&#8221;25px&#8221;][\/vc_column_inner][vc_column_inner width=&#8221;1\/3&#8243;][gt3_spacing height=&#8221;25px&#8221;][vc_single_image image=&#8221;8914&#8243; img_size=&#8221;full&#8221; alignment=&#8221;center&#8221; onclick=&#8221;custom_link&#8221; link=&#8221;https:\/\/chic-chac.com\/en\/ski-and-snowboard1\/rentals\/&#8221;][gt3_custom_text text_color=&#8221;#000000&#8243; font_size=&#8221;16&#8243;]\n<h4 style=\"text-align: center;\">EQUIPMENT RENTAL<\/h4>\n<p style=\"text-align: center;\">Chic-Chac offers the opportunity to rent specialized equipment for off-piste skiing.<\/p>\n[\/gt3_custom_text][gt3_spacing height=&#8221;58px&#8221;][vc_btn title=&#8221;More details&#8221; shape=&#8221;square&#8221; color=&#8221;warning&#8221; align=&#8221;center&#8221; link=&#8221;url:https%3A%2F%2Fchic-chac.com%2Fen%2Fski-and-snowboard%2Frentals%2F&#8221;][gt3_spacing height=&#8221;25px&#8221;][\/vc_column_inner][\/vc_row_inner][\/vc_column][\/vc_row][vc_row][vc_column][gt3_spacing height=&#8221;80px&#8221;][\/vc_column][\/vc_row]\n<\/div>","protected":false},"excerpt":{"rendered":"<p>[vc_row column_separator_row=&#8221;&#8221; masked_row=&#8221;&#8221;][vc_column][vc_row_inner][vc_column_inner width=&#8221;1\/3&#8243;][gt3_spacing height=&#8221;25px&#8221;][vc_single_image image=&#8221;8946&#8243; img_size=&#8221;full&#8221; alignment=&#8221;center&#8221; onclick=&#8221;custom_link&#8221; link=&#8221;https:\/\/chic-chac.com\/en\/ski-and-snowboard1\/catski\/&#8221;][gt3_custom_text text_color=&#8221;#000000&#8243; font_size=&#8221;16&#8243;] CATSKI (GUIDED) Explore our majestic mountains with our guided catski package offers. [\/gt3_custom_text][gt3_spacing height=&#8221;47px&#8221;][vc_btn title=&#8221;More details&#8221; shape=&#8221;square&#8221; color=&#8221;warning&#8221; align=&#8221;center&#8221; link=&#8221;url:https%3A%2F%2Fchic-chac.com%2Fen%2Fski-and-snowboard%2Fcatski%2F|title:CATSKI%20M3&#8243;][gt3_spacing height=&#8221;25px&#8221;][\/vc_column_inner][vc_column_inner width=&#8221;1\/3&#8243;][gt3_spacing height=&#8221;25px&#8221;][vc_single_image image=&#8221;9006&#8243; img_size=&#8221;full&#8221; alignment=&#8221;center&#8221; onclick=&#8221;custom_link&#8221; link=&#8221;https:\/\/chic-chac.com\/en\/ski-and-snowboard1\/guided-ski-tour\/&#8221;][gt3_custom_text text_color=&#8221;#000000&#8243; font_size=&#8221;16&#8243;] GUIDED ALPINE TOURING (SKINS) Discover our beautiful mountains at ease with our guided [&hellip;]<\/p>\n","protected":false},"author":1,"featured_media":0,"parent":0,"menu_order":0,"comment_status":"closed","ping_status":"closed","template":"full-width.php","meta":{"footnotes":""},"class_list":["post-11198","page","type-page","status-publish","hentry"],"yoast_head":"<!-- This site is optimized with the Yoast SEO plugin v27.5 - https:\/\/yoast.com\/product\/yoast-seo-wordpress\/ -->\n<title>Ski et snowboard hors piste dans les Chic-Chocs<\/title>\n<meta name=\"description\" content=\"Le Chic Chac vous offre des forfaits et options \u00e0 la carte pour tous les go\u00fbts, budgets et niveaux. Ski de randonn\u00e9e, catski, h\u00e9liski, restaurant et bar\" \/>\n<meta name=\"robots\" content=\"index, follow, max-snippet:-1, max-image-preview:large, max-video-preview:-1\" \/>\n<link rel=\"canonical\" href=\"https:\/\/chic-chac.com\/en\/ski-and-snowboard1\/\" \/>\n<meta property=\"og:locale\" content=\"en_US\" \/>\n<meta property=\"og:type\" content=\"article\" \/>\n<meta property=\"og:title\" content=\"Ski et snowboard hors piste dans les Chic-Chocs\" \/>\n<meta property=\"og:description\" content=\"Le Chic Chac vous offre des forfaits et options \u00e0 la carte pour tous les go\u00fbts, budgets et niveaux. Ski de randonn\u00e9e, catski, h\u00e9liski, restaurant et bar\" \/>\n<meta property=\"og:url\" content=\"https:\/\/chic-chac.com\/en\/ski-and-snowboard1\/\" \/>\n<meta property=\"og:site_name\" content=\"Chic-Chac\" \/>\n<meta property=\"article:modified_time\" content=\"2026-04-15T20:29:35+00:00\" \/>\n<meta property=\"og:image\" content=\"https:\/\/chic-chac.com\/wp-content\/uploads\/2020\/11\/vignette-ski-catski-800px.jpg\" \/>\n\t<meta property=\"og:image:width\" content=\"800\" \/>\n\t<meta property=\"og:image:height\" content=\"640\" \/>\n\t<meta property=\"og:image:type\" content=\"image\/jpeg\" \/>\n<meta name=\"twitter:card\" content=\"summary_large_image\" \/>\n<meta name=\"twitter:image\" content=\"https:\/\/chic-chac.com\/wp-content\/uploads\/2020\/11\/vignette-ski-catski-800px.jpg\" \/>\n<meta name=\"twitter:label1\" content=\"Est. reading time\" \/>\n\t<meta name=\"twitter:data1\" content=\"3 minutes\" \/>\n<script type=\"application\/ld+json\" class=\"yoast-schema-graph\">{\"@context\":\"https:\\\/\\\/schema.org\",\"@graph\":[{\"@type\":\"WebPage\",\"@id\":\"https:\\\/\\\/chic-chac.com\\\/en\\\/ski-and-snowboard1\\\/\",\"url\":\"https:\\\/\\\/chic-chac.com\\\/en\\\/ski-and-snowboard1\\\/\",\"name\":\"Ski et snowboard hors piste dans les Chic-Chocs\",\"isPartOf\":{\"@id\":\"https:\\\/\\\/chic-chac.com\\\/#website\"},\"datePublished\":\"2023-08-28T14:25:42+00:00\",\"dateModified\":\"2026-04-15T20:29:35+00:00\",\"description\":\"Le Chic Chac vous offre des forfaits et options \u00e0 la carte pour tous les go\u00fbts, budgets et niveaux. Ski de randonn\u00e9e, catski, h\u00e9liski, restaurant et bar\",\"breadcrumb\":{\"@id\":\"https:\\\/\\\/chic-chac.com\\\/en\\\/ski-and-snowboard1\\\/#breadcrumb\"},\"inLanguage\":\"en-US\",\"potentialAction\":[{\"@type\":\"ReadAction\",\"target\":[\"https:\\\/\\\/chic-chac.com\\\/en\\\/ski-and-snowboard1\\\/\"]}]},{\"@type\":\"BreadcrumbList\",\"@id\":\"https:\\\/\\\/chic-chac.com\\\/en\\\/ski-and-snowboard1\\\/#breadcrumb\",\"itemListElement\":[{\"@type\":\"ListItem\",\"position\":1,\"name\":\"Accueil\",\"item\":\"https:\\\/\\\/chic-chac.com\\\/en\\\/\"},{\"@type\":\"ListItem\",\"position\":2,\"name\":\"Ski &#038; Snowboard\"}]},{\"@type\":\"WebSite\",\"@id\":\"https:\\\/\\\/chic-chac.com\\\/#website\",\"url\":\"https:\\\/\\\/chic-chac.com\\\/\",\"name\":\"Chic-Chac\",\"description\":\"\",\"potentialAction\":[{\"@type\":\"SearchAction\",\"target\":{\"@type\":\"EntryPoint\",\"urlTemplate\":\"https:\\\/\\\/chic-chac.com\\\/?s={search_term_string}\"},\"query-input\":{\"@type\":\"PropertyValueSpecification\",\"valueRequired\":true,\"valueName\":\"search_term_string\"}}],\"inLanguage\":\"en-US\"}]}<\/script>\n<!-- \/ Yoast SEO plugin. -->","yoast_head_json":{"title":"Ski et snowboard hors piste dans les Chic-Chocs","description":"Le Chic Chac vous offre des forfaits et options \u00e0 la carte pour tous les go\u00fbts, budgets et niveaux. Ski de randonn\u00e9e, catski, h\u00e9liski, restaurant et bar","robots":{"index":"index","follow":"follow","max-snippet":"max-snippet:-1","max-image-preview":"max-image-preview:large","max-video-preview":"max-video-preview:-1"},"canonical":"https:\/\/chic-chac.com\/en\/ski-and-snowboard1\/","og_locale":"en_US","og_type":"article","og_title":"Ski et snowboard hors piste dans les Chic-Chocs","og_description":"Le Chic Chac vous offre des forfaits et options \u00e0 la carte pour tous les go\u00fbts, budgets et niveaux. Ski de randonn\u00e9e, catski, h\u00e9liski, restaurant et bar","og_url":"https:\/\/chic-chac.com\/en\/ski-and-snowboard1\/","og_site_name":"Chic-Chac","article_modified_time":"2026-04-15T20:29:35+00:00","og_image":[{"width":800,"height":640,"url":"https:\/\/chic-chac.com\/wp-content\/uploads\/2020\/11\/vignette-ski-catski-800px.jpg","type":"image\/jpeg"}],"twitter_card":"summary_large_image","twitter_image":"https:\/\/chic-chac.com\/wp-content\/uploads\/2020\/11\/vignette-ski-catski-800px.jpg","twitter_misc":{"Est. reading time":"3 minutes"},"schema":{"@context":"https:\/\/schema.org","@graph":[{"@type":"WebPage","@id":"https:\/\/chic-chac.com\/en\/ski-and-snowboard1\/","url":"https:\/\/chic-chac.com\/en\/ski-and-snowboard1\/","name":"Ski et snowboard hors piste dans les Chic-Chocs","isPartOf":{"@id":"https:\/\/chic-chac.com\/#website"},"datePublished":"2023-08-28T14:25:42+00:00","dateModified":"2026-04-15T20:29:35+00:00","description":"Le Chic Chac vous offre des forfaits et options \u00e0 la carte pour tous les go\u00fbts, budgets et niveaux. Ski de randonn\u00e9e, catski, h\u00e9liski, restaurant et bar","breadcrumb":{"@id":"https:\/\/chic-chac.com\/en\/ski-and-snowboard1\/#breadcrumb"},"inLanguage":"en-US","potentialAction":[{"@type":"ReadAction","target":["https:\/\/chic-chac.com\/en\/ski-and-snowboard1\/"]}]},{"@type":"BreadcrumbList","@id":"https:\/\/chic-chac.com\/en\/ski-and-snowboard1\/#breadcrumb","itemListElement":[{"@type":"ListItem","position":1,"name":"Accueil","item":"https:\/\/chic-chac.com\/en\/"},{"@type":"ListItem","position":2,"name":"Ski &#038; Snowboard"}]},{"@type":"WebSite","@id":"https:\/\/chic-chac.com\/#website","url":"https:\/\/chic-chac.com\/","name":"Chic-Chac","description":"","potentialAction":[{"@type":"SearchAction","target":{"@type":"EntryPoint","urlTemplate":"https:\/\/chic-chac.com\/?s={search_term_string}"},"query-input":{"@type":"PropertyValueSpecification","valueRequired":true,"valueName":"search_term_string"}}],"inLanguage":"en-US"}]}},"_links":{"self":[{"href":"https:\/\/chic-chac.com\/en\/wp-json\/wp\/v2\/pages\/11198","targetHints":{"allow":["GET"]}}],"collection":[{"href":"https:\/\/chic-chac.com\/en\/wp-json\/wp\/v2\/pages"}],"about":[{"href":"https:\/\/chic-chac.com\/en\/wp-json\/wp\/v2\/types\/page"}],"author":[{"embeddable":true,"href":"https:\/\/chic-chac.com\/en\/wp-json\/wp\/v2\/users\/1"}],"replies":[{"embeddable":true,"href":"https:\/\/chic-chac.com\/en\/wp-json\/wp\/v2\/comments?post=11198"}],"version-history":[{"count":15,"href":"https:\/\/chic-chac.com\/en\/wp-json\/wp\/v2\/pages\/11198\/revisions"}],"predecessor-version":[{"id":12480,"href":"https:\/\/chic-chac.com\/en\/wp-json\/wp\/v2\/pages\/11198\/revisions\/12480"}],"wp:attachment":[{"href":"https:\/\/chic-chac.com\/en\/wp-json\/wp\/v2\/media?parent=11198"}],"curies":[{"name":"wp","href":"https:\/\/api.w.org\/{rel}","templated":true}]}}