{"id":5609,"date":"2020-10-14T19:26:58","date_gmt":"2020-10-14T19:26:58","guid":{"rendered":"http:\/\/www.chic-chac.com\/lodging\/camping\/"},"modified":"2024-03-31T17:53:22","modified_gmt":"2024-03-31T17:53:22","slug":"camping","status":"publish","type":"page","link":"https:\/\/chic-chac.com\/en\/camping\/","title":{"rendered":"Camping"},"content":{"rendered":"<div class=\"wpb-content-wrapper\">[vc_row full_width=&#8221;stretch_row_content_no_spaces&#8221; column_separator_row=&#8221;&#8221;][vc_column][gt3_spacing height=&#8221;10px&#8221;][\/vc_column][\/vc_row][vc_row column_separator_row=&#8221;&#8221; css=&#8221;.vc_custom_1694092393120{padding-bottom: 120px !important;}&#8221;][vc_column][gt3_spacing height=&#8221;35px&#8221;][gt3_custom_text text_color=&#8221;#000000&#8243; font_size=&#8221;16&#8243;]\n<h3><\/h3>\n<p><img loading=\"lazy\" decoding=\"async\" class=\"wp-image-7066 alignright\" src=\"https:\/\/chic-chac.com\/wp-content\/uploads\/2020\/11\/Lac-york-logo-800px-300x191.jpg\" alt=\"\" width=\"500\" height=\"318\" srcset=\"https:\/\/chic-chac.com\/wp-content\/uploads\/2020\/11\/Lac-york-logo-800px-300x191.jpg 300w, https:\/\/chic-chac.com\/wp-content\/uploads\/2020\/11\/Lac-york-logo-800px-768x489.jpg 768w, https:\/\/chic-chac.com\/wp-content\/uploads\/2020\/11\/Lac-york-logo-800px.jpg 800w\" sizes=\"auto, (max-width: 500px) 100vw, 500px\" \/>Nestled in the heart of the mountains and surrounded by wind turbines, the Centre de Plein Air du Lac York offers you a peaceful place to relax while being surrounded by incredible scenery and breathtaking sunsets. This little corner of paradise will charm you with its serene atmosphere and reinvigorate you as you enjoy the natural environment. A magnificent lake with clear water is home to two species of trout, the brook trout and the arctic char. This will delight fishermen and swimmers alike! Numerous trails for ATVs and Quads will take you on a journey through splendid mountainous landscapes. Our hiking trails will allow you to admire the splendour of our Gaspesian mountains. Golf enthusiasts will also find something to their liking at the Murdochville Golf Course located less than 5 minutes away![\/gt3_custom_text][gt3_spacing height=&#8221;70px&#8221;][\/vc_column][\/vc_row][vc_row full_width=&#8221;stretch_row_content_no_spaces&#8221; column_separator_row=&#8221;&#8221;][vc_column][vc_single_image image=&#8221;6461&#8243; img_size=&#8221;full&#8221;][\/vc_column][\/vc_row][vc_row full_width=&#8221;stretch_row&#8221; column_separator_row=&#8221;&#8221; masked_row=&#8221;&#8221; css=&#8221;.vc_custom_1601491994961{background-color: #1c1f09 !important;}&#8221;][vc_column][gt3_spacing height=&#8221;37px&#8221;][gt3_custom_text text_color=&#8221;#ffffff&#8221; font_size=&#8221;16&#8243;]\n<p style=\"text-align: center;\">The Centre de Plein Air du Lac York campground offers various services, including 3-services, 2-services and no service campsite lots, washrooms and a community hall.<\/p>\n<p style=\"text-align: center;\">Located in the heart of the Gasp\u00e9 Peninsula, it is the perfect place to discover all the splendor of this incredible and heartwarming region! Located about one-hour drive from both Gasp\u00e9sie National Park and Gasp\u00e9, as well as a two-hour drive from Perc\u00e9.<\/p>\n[\/gt3_custom_text][vc_row_inner][vc_column_inner width=&#8221;2\/3&#8243; offset=&#8221;vc_hidden-xs&#8221;][gt3_spacing height=&#8221;20px&#8221; responsive_es=&#8221;true&#8221; height_size_sm_desctop=&#8221;20px&#8221; height_tablet=&#8221;20px&#8221; height_mobile=&#8221;0px&#8221;][gt3_custom_text text_color=&#8221;#ffffff&#8221; font_size=&#8221;16&#8243;]\n<table style=\"border-collapse: collapse; width: 100%; height: 96px;\">\n<tbody>\n<tr style=\"height: 24px;\">\n<td style=\"width: 25%; height: 24px;\"><\/td>\n<td style=\"width: 25%; height: 24px;\">Daily<\/td>\n<td style=\"width: 25%; height: 24px;\">Monthly<\/td>\n<td style=\"width: 25%; height: 24px;\">Seasonal<\/td>\n<\/tr>\n<tr style=\"height: 24px;\">\n<td style=\"width: 25%; height: 24px;\">3-service lot<\/td>\n<td style=\"width: 25%; height: 24px;\">45$<\/td>\n<td style=\"width: 25%; height: 24px;\">850$<\/td>\n<td style=\"width: 25%; height: 24px;\">1,250$<\/td>\n<\/tr>\n<tr style=\"height: 24px;\">\n<td style=\"width: 25%; height: 24px;\">2-service lot<\/td>\n<td style=\"width: 25%; height: 24px;\">35$<\/td>\n<td style=\"width: 25%; height: 24px;\">700$<\/td>\n<td style=\"width: 25%; height: 24px;\">925$<\/td>\n<\/tr>\n<tr style=\"height: 24px;\">\n<td style=\"width: 25%; height: 24px;\">No service lot<\/td>\n<td style=\"width: 25%; height: 24px;\">26.50$<\/td>\n<td style=\"width: 25%; height: 24px;\">500$<\/td>\n<td style=\"width: 25%; height: 24px;\">695$<\/td>\n<\/tr>\n<\/tbody>\n<\/table>\n[\/gt3_custom_text][\/vc_column_inner][\/vc_row_inner][gt3_spacing height=&#8221;135px&#8221;][\/vc_column][\/vc_row][vc_row full_width=&#8221;stretch_row&#8221; column_separator_row=&#8221;&#8221; masked_row=&#8221;&#8221; css=&#8221;.vc_custom_1601492126413{background-image: url(https:\/\/chic-chac.com\/wp-content\/uploads\/2020\/09\/fond-amuser.png?id=4505) !important;}&#8221;][vc_column][gt3_spacing height=&#8221;135px&#8221;][vc_btn title=&#8221;Reservations&#8221; style=&#8221;outline&#8221; shape=&#8221;square&#8221; color=&#8221;black&#8221; align=&#8221;center&#8221; link=&#8221;url:https%3A%2F%2Fchic-chac.com%2Fen%2Flodging%2Freservations%2F|||&#8221;][gt3_spacing height=&#8221;135px&#8221;][\/vc_column][\/vc_row][vc_row full_width=&#8221;stretch_row_content_no_spaces&#8221; column_separator_row=&#8221;&#8221;][vc_column]<div class=\"evc-image-gallery evc-shortcode evc-element-has-columns  evc-ig-grid-type evc-four-columns evc-no-space  \">\n\t<div class=\"evc-ig-wrapper evc-element-wrapper\">\n\t\t\t\t\t<div class=\"evc-ig-image-item evc-element-item\">\n\t\t\t\t<div class=\"evc-ig-image evc-ib-lightbox\">\n\t\t\t\t\t\t\t\t\t\t\n\t\t\t\t\t\t\t\t\t\t\t<a class=\"evc-ig-lightbox\" href=\"https:\/\/chic-chac.com\/wp-content\/uploads\/2020\/10\/2020_08_22_LAC-YORK_0185-Pano.jpg\" data-lightbox=\"evc-ig-lb-1738\" data-title=\"2020_08_22_LAC-YORK_0185-Pano\">\n\t\t\t\t\t\t\t\t\t\t\n\t\t\t\t\t<img loading=\"lazy\" decoding=\"async\" src=\"https:\/\/chic-chac.com\/wp-content\/uploads\/2020\/10\/2020_08_22_LAC-YORK_0185-Pano-800x484.jpg\" alt=\"\" width=\"800\" height=\"484\" \/>\t\t\t\t\t\n\t\t\t\t\t\t\t\t\t\t\t<\/a>\n\t\t\t\t\t\t\t\t\t<\/div>\n\t\t\t<\/div>\n\t\t\t\t\t<div class=\"evc-ig-image-item evc-element-item\">\n\t\t\t\t<div class=\"evc-ig-image evc-ib-lightbox\">\n\t\t\t\t\t\t\t\t\t\t\n\t\t\t\t\t\t\t\t\t\t\t<a class=\"evc-ig-lightbox\" href=\"https:\/\/chic-chac.com\/wp-content\/uploads\/2020\/10\/2020_08_22_LAC-YORK_5962.jpg\" data-lightbox=\"evc-ig-lb-1738\" data-title=\"2020_08_22_LAC-YORK_5962\">\n\t\t\t\t\t\t\t\t\t\t\n\t\t\t\t\t<img loading=\"lazy\" decoding=\"async\" src=\"https:\/\/chic-chac.com\/wp-content\/uploads\/2020\/10\/2020_08_22_LAC-YORK_5962-800x484.jpg\" alt=\"\" width=\"800\" height=\"484\" \/>\t\t\t\t\t\n\t\t\t\t\t\t\t\t\t\t\t<\/a>\n\t\t\t\t\t\t\t\t\t<\/div>\n\t\t\t<\/div>\n\t\t\t\t\t<div class=\"evc-ig-image-item evc-element-item\">\n\t\t\t\t<div class=\"evc-ig-image evc-ib-lightbox\">\n\t\t\t\t\t\t\t\t\t\t\n\t\t\t\t\t\t\t\t\t\t\t<a class=\"evc-ig-lightbox\" href=\"https:\/\/chic-chac.com\/wp-content\/uploads\/2020\/10\/2020_08_22_LAC-YORK_5992-Pano.jpg\" data-lightbox=\"evc-ig-lb-1738\" data-title=\"2020_08_22_LAC-YORK_5992-Pano\">\n\t\t\t\t\t\t\t\t\t\t\n\t\t\t\t\t<img loading=\"lazy\" decoding=\"async\" src=\"https:\/\/chic-chac.com\/wp-content\/uploads\/2020\/10\/2020_08_22_LAC-YORK_5992-Pano-800x484.jpg\" alt=\"\" width=\"800\" height=\"484\" \/>\t\t\t\t\t\n\t\t\t\t\t\t\t\t\t\t\t<\/a>\n\t\t\t\t\t\t\t\t\t<\/div>\n\t\t\t<\/div>\n\t\t\t\t\t<div class=\"evc-ig-image-item evc-element-item\">\n\t\t\t\t<div class=\"evc-ig-image evc-ib-lightbox\">\n\t\t\t\t\t\t\t\t\t\t\n\t\t\t\t\t\t\t\t\t\t\t<a class=\"evc-ig-lightbox\" href=\"https:\/\/chic-chac.com\/wp-content\/uploads\/2020\/10\/2020_08_22_LAC-YORK_6011.jpg\" data-lightbox=\"evc-ig-lb-1738\" data-title=\"2020_08_22_LAC-YORK_6011\">\n\t\t\t\t\t\t\t\t\t\t\n\t\t\t\t\t<img loading=\"lazy\" decoding=\"async\" src=\"https:\/\/chic-chac.com\/wp-content\/uploads\/2020\/10\/2020_08_22_LAC-YORK_6011-800x484.jpg\" alt=\"\" width=\"800\" height=\"484\" \/>\t\t\t\t\t\n\t\t\t\t\t\t\t\t\t\t\t<\/a>\n\t\t\t\t\t\t\t\t\t<\/div>\n\t\t\t<\/div>\n\t\t\t\t\t<div class=\"evc-ig-image-item evc-element-item\">\n\t\t\t\t<div class=\"evc-ig-image evc-ib-lightbox\">\n\t\t\t\t\t\t\t\t\t\t\n\t\t\t\t\t\t\t\t\t\t\t<a class=\"evc-ig-lightbox\" href=\"https:\/\/chic-chac.com\/wp-content\/uploads\/2020\/10\/2020_08_22_LAC-YORK_6014.jpg\" data-lightbox=\"evc-ig-lb-1738\" data-title=\"2020_08_22_LAC-YORK_6014\">\n\t\t\t\t\t\t\t\t\t\t\n\t\t\t\t\t<img loading=\"lazy\" decoding=\"async\" src=\"https:\/\/chic-chac.com\/wp-content\/uploads\/2020\/10\/2020_08_22_LAC-YORK_6014-800x484.jpg\" alt=\"\" width=\"800\" height=\"484\" \/>\t\t\t\t\t\n\t\t\t\t\t\t\t\t\t\t\t<\/a>\n\t\t\t\t\t\t\t\t\t<\/div>\n\t\t\t<\/div>\n\t\t\t\t\t<div class=\"evc-ig-image-item evc-element-item\">\n\t\t\t\t<div class=\"evc-ig-image evc-ib-lightbox\">\n\t\t\t\t\t\t\t\t\t\t\n\t\t\t\t\t\t\t\t\t\t\t<a class=\"evc-ig-lightbox\" href=\"https:\/\/chic-chac.com\/wp-content\/uploads\/2020\/10\/2020_08_22_LAC-YORK_6022.jpg\" data-lightbox=\"evc-ig-lb-1738\" data-title=\"2020_08_22_LAC-YORK_6022\">\n\t\t\t\t\t\t\t\t\t\t\n\t\t\t\t\t<img loading=\"lazy\" decoding=\"async\" src=\"https:\/\/chic-chac.com\/wp-content\/uploads\/2020\/10\/2020_08_22_LAC-YORK_6022-800x484.jpg\" alt=\"\" width=\"800\" height=\"484\" \/>\t\t\t\t\t\n\t\t\t\t\t\t\t\t\t\t\t<\/a>\n\t\t\t\t\t\t\t\t\t<\/div>\n\t\t\t<\/div>\n\t\t\t\t\t<div class=\"evc-ig-image-item evc-element-item\">\n\t\t\t\t<div class=\"evc-ig-image evc-ib-lightbox\">\n\t\t\t\t\t\t\t\t\t\t\n\t\t\t\t\t\t\t\t\t\t\t<a class=\"evc-ig-lightbox\" href=\"https:\/\/chic-chac.com\/wp-content\/uploads\/2020\/10\/2020_08_22_LAC-YORK_6023.jpg\" data-lightbox=\"evc-ig-lb-1738\" data-title=\"2020_08_22_LAC-YORK_6023\">\n\t\t\t\t\t\t\t\t\t\t\n\t\t\t\t\t<img loading=\"lazy\" decoding=\"async\" src=\"https:\/\/chic-chac.com\/wp-content\/uploads\/2020\/10\/2020_08_22_LAC-YORK_6023-800x484.jpg\" alt=\"\" width=\"800\" height=\"484\" \/>\t\t\t\t\t\n\t\t\t\t\t\t\t\t\t\t\t<\/a>\n\t\t\t\t\t\t\t\t\t<\/div>\n\t\t\t<\/div>\n\t\t\t\t\t<div class=\"evc-ig-image-item evc-element-item\">\n\t\t\t\t<div class=\"evc-ig-image evc-ib-lightbox\">\n\t\t\t\t\t\t\t\t\t\t\n\t\t\t\t\t\t\t\t\t\t\t<a class=\"evc-ig-lightbox\" href=\"https:\/\/chic-chac.com\/wp-content\/uploads\/2020\/10\/2020_08_22_LAC-YORK_6025.jpg\" data-lightbox=\"evc-ig-lb-1738\" data-title=\"2020_08_22_LAC-YORK_6025\">\n\t\t\t\t\t\t\t\t\t\t\n\t\t\t\t\t<img loading=\"lazy\" decoding=\"async\" src=\"https:\/\/chic-chac.com\/wp-content\/uploads\/2020\/10\/2020_08_22_LAC-YORK_6025-800x484.jpg\" alt=\"\" width=\"800\" height=\"484\" \/>\t\t\t\t\t\n\t\t\t\t\t\t\t\t\t\t\t<\/a>\n\t\t\t\t\t\t\t\t\t<\/div>\n\t\t\t<\/div>\n\t\t\t\t\t<div class=\"evc-ig-image-item evc-element-item\">\n\t\t\t\t<div class=\"evc-ig-image evc-ib-lightbox\">\n\t\t\t\t\t\t\t\t\t\t\n\t\t\t\t\t\t\t\t\t\t\t<a class=\"evc-ig-lightbox\" href=\"https:\/\/chic-chac.com\/wp-content\/uploads\/2020\/10\/2020_08_22_LAC-YORK_6042.jpg\" data-lightbox=\"evc-ig-lb-1738\" data-title=\"2020_08_22_LAC-YORK_6042\">\n\t\t\t\t\t\t\t\t\t\t\n\t\t\t\t\t<img loading=\"lazy\" decoding=\"async\" src=\"https:\/\/chic-chac.com\/wp-content\/uploads\/2020\/10\/2020_08_22_LAC-YORK_6042-800x484.jpg\" alt=\"\" width=\"800\" height=\"484\" \/>\t\t\t\t\t\n\t\t\t\t\t\t\t\t\t\t\t<\/a>\n\t\t\t\t\t\t\t\t\t<\/div>\n\t\t\t<\/div>\n\t\t\t\t\t<div class=\"evc-ig-image-item evc-element-item\">\n\t\t\t\t<div class=\"evc-ig-image evc-ib-lightbox\">\n\t\t\t\t\t\t\t\t\t\t\n\t\t\t\t\t\t\t\t\t\t\t<a class=\"evc-ig-lightbox\" href=\"https:\/\/chic-chac.com\/wp-content\/uploads\/2020\/10\/2020_08_22_LAC-YORK_6049.jpg\" data-lightbox=\"evc-ig-lb-1738\" data-title=\"2020_08_22_LAC-YORK_6049\">\n\t\t\t\t\t\t\t\t\t\t\n\t\t\t\t\t<img loading=\"lazy\" decoding=\"async\" src=\"https:\/\/chic-chac.com\/wp-content\/uploads\/2020\/10\/2020_08_22_LAC-YORK_6049-800x484.jpg\" alt=\"\" width=\"800\" height=\"484\" \/>\t\t\t\t\t\n\t\t\t\t\t\t\t\t\t\t\t<\/a>\n\t\t\t\t\t\t\t\t\t<\/div>\n\t\t\t<\/div>\n\t\t\t\t\t<div class=\"evc-ig-image-item evc-element-item\">\n\t\t\t\t<div class=\"evc-ig-image evc-ib-lightbox\">\n\t\t\t\t\t\t\t\t\t\t\n\t\t\t\t\t\t\t\t\t\t\t<a class=\"evc-ig-lightbox\" href=\"https:\/\/chic-chac.com\/wp-content\/uploads\/2020\/10\/2020_08_22_LAC-YORK_6060.jpg\" data-lightbox=\"evc-ig-lb-1738\" data-title=\"2020_08_22_LAC-YORK_6060\">\n\t\t\t\t\t\t\t\t\t\t\n\t\t\t\t\t<img loading=\"lazy\" decoding=\"async\" src=\"https:\/\/chic-chac.com\/wp-content\/uploads\/2020\/10\/2020_08_22_LAC-YORK_6060-800x484.jpg\" alt=\"\" width=\"800\" height=\"484\" \/>\t\t\t\t\t\n\t\t\t\t\t\t\t\t\t\t\t<\/a>\n\t\t\t\t\t\t\t\t\t<\/div>\n\t\t\t<\/div>\n\t\t\t\t\t<div class=\"evc-ig-image-item evc-element-item\">\n\t\t\t\t<div class=\"evc-ig-image evc-ib-lightbox\">\n\t\t\t\t\t\t\t\t\t\t\n\t\t\t\t\t\t\t\t\t\t\t<a class=\"evc-ig-lightbox\" href=\"https:\/\/chic-chac.com\/wp-content\/uploads\/2020\/10\/2020_08_22_LAC-YORK_6070-Pano-1.jpg\" data-lightbox=\"evc-ig-lb-1738\" data-title=\"2020_08_22_LAC-YORK_6070-Pano\">\n\t\t\t\t\t\t\t\t\t\t\n\t\t\t\t\t<img loading=\"lazy\" decoding=\"async\" src=\"https:\/\/chic-chac.com\/wp-content\/uploads\/2020\/10\/2020_08_22_LAC-YORK_6070-Pano-1-800x484.jpg\" alt=\"\" width=\"800\" height=\"484\" \/>\t\t\t\t\t\n\t\t\t\t\t\t\t\t\t\t\t<\/a>\n\t\t\t\t\t\t\t\t\t<\/div>\n\t\t\t<\/div>\n\t\t\t<\/div>\n<\/div>\n[\/vc_column][\/vc_row][vc_row full_width=&#8221;stretch_row&#8221; column_separator_row=&#8221;&#8221; masked_row=&#8221;&#8221; css=&#8221;.vc_custom_1601492126413{background-image: url(https:\/\/chic-chac.com\/wp-content\/uploads\/2020\/09\/fond-amuser.png?id=4505) !important;}&#8221;][vc_column][gt3_spacing height=&#8221;42px&#8221;][gt3_custom_text text_color=&#8221;#000000&#8243; font_size=&#8221;16&#8243;]\n<h3 style=\"text-align: center;\">There are many ways to enjoy the outdoors<br \/>\nat the Chic-Chac!<\/h3>\n[\/gt3_custom_text][vc_btn title=&#8221;Book now!&#8221; style=&#8221;outline&#8221; shape=&#8221;square&#8221; color=&#8221;black&#8221; align=&#8221;center&#8221; link=&#8221;url:http%3A%2F%2Fchic-chac.com%2Fen%2Flodging%2Freservations%2F|title:Playgrounds||&#8221;][gt3_spacing height=&#8221;80px&#8221;][\/vc_column][\/vc_row]\n<\/div>","protected":false},"excerpt":{"rendered":"<p>[vc_row full_width=&#8221;stretch_row_content_no_spaces&#8221; column_separator_row=&#8221;&#8221;][vc_column][gt3_spacing height=&#8221;10px&#8221;][\/vc_column][\/vc_row][vc_row column_separator_row=&#8221;&#8221; css=&#8221;.vc_custom_1694092393120{padding-bottom: 120px !important;}&#8221;][vc_column][gt3_spacing height=&#8221;35px&#8221;][gt3_custom_text text_color=&#8221;#000000&#8243; font_size=&#8221;16&#8243;] Nestled in the heart of the mountains and surrounded by wind turbines, the Centre de Plein Air du Lac York offers you a peaceful place to relax while being surrounded by incredible scenery and breathtaking sunsets. This little corner of paradise will charm you [&hellip;]<\/p>\n","protected":false},"author":1,"featured_media":0,"parent":0,"menu_order":0,"comment_status":"closed","ping_status":"closed","template":"","meta":{"footnotes":""},"class_list":["post-5609","page","type-page","status-publish","hentry"],"yoast_head":"<!-- This site is optimized with the Yoast SEO plugin v27.4 - https:\/\/yoast.com\/product\/yoast-seo-wordpress\/ -->\n<title>Camping Sites - Chic-Chocs - Lake York | Murdochville<\/title>\n<meta name=\"description\" content=\"In the heart of the mountains, camping on the shore of a magnificent lake. Numerous trails for ATVs and Quads. Chic-Chac lodging\" \/>\n<meta name=\"robots\" content=\"index, follow, max-snippet:-1, max-image-preview:large, max-video-preview:-1\" \/>\n<link rel=\"canonical\" href=\"https:\/\/chic-chac.com\/en\/lodging\/camping\/\" \/>\n<meta property=\"og:locale\" content=\"en_US\" \/>\n<meta property=\"og:type\" content=\"article\" \/>\n<meta property=\"og:title\" content=\"Camping Sites - Chic-Chocs - Lake York | Murdochville\" \/>\n<meta property=\"og:description\" content=\"In the heart of the mountains, camping on the shore of a magnificent lake. Numerous trails for ATVs and Quads. Chic-Chac lodging\" \/>\n<meta property=\"og:url\" content=\"https:\/\/chic-chac.com\/en\/lodging\/camping\/\" \/>\n<meta property=\"og:site_name\" content=\"Chic-Chac\" \/>\n<meta property=\"article:modified_time\" content=\"2024-03-31T17:53:22+00:00\" \/>\n<meta property=\"og:image\" content=\"https:\/\/chic-chac.com\/wp-content\/uploads\/2020\/11\/Lac-york-logo-800px.jpg\" \/>\n\t<meta property=\"og:image:width\" content=\"800\" \/>\n\t<meta property=\"og:image:height\" content=\"509\" \/>\n\t<meta property=\"og:image:type\" content=\"image\/jpeg\" \/>\n<meta name=\"twitter:card\" content=\"summary_large_image\" \/>\n<meta name=\"twitter:image\" content=\"https:\/\/chic-chac.com\/wp-content\/uploads\/2020\/11\/Lac-york-logo-800px.jpg\" \/>\n<meta name=\"twitter:label1\" content=\"Est. reading time\" \/>\n\t<meta name=\"twitter:data1\" content=\"2 minutes\" \/>\n<script type=\"application\/ld+json\" class=\"yoast-schema-graph\">{\"@context\":\"https:\\\/\\\/schema.org\",\"@graph\":[{\"@type\":\"WebPage\",\"@id\":\"https:\\\/\\\/chic-chac.com\\\/en\\\/lodging\\\/camping\\\/\",\"url\":\"https:\\\/\\\/chic-chac.com\\\/en\\\/lodging\\\/camping\\\/\",\"name\":\"Camping Sites - Chic-Chocs - Lake York | Murdochville\",\"isPartOf\":{\"@id\":\"https:\\\/\\\/chic-chac.com\\\/#website\"},\"primaryImageOfPage\":{\"@id\":\"https:\\\/\\\/chic-chac.com\\\/en\\\/lodging\\\/camping\\\/#primaryimage\"},\"image\":{\"@id\":\"https:\\\/\\\/chic-chac.com\\\/en\\\/lodging\\\/camping\\\/#primaryimage\"},\"thumbnailUrl\":\"https:\\\/\\\/chic-chac.com\\\/wp-content\\\/uploads\\\/2020\\\/11\\\/Lac-york-logo-800px-300x191.jpg\",\"datePublished\":\"2020-10-14T19:26:58+00:00\",\"dateModified\":\"2024-03-31T17:53:22+00:00\",\"description\":\"In the heart of the mountains, camping on the shore of a magnificent lake. Numerous trails for ATVs and Quads. Chic-Chac lodging\",\"breadcrumb\":{\"@id\":\"https:\\\/\\\/chic-chac.com\\\/en\\\/lodging\\\/camping\\\/#breadcrumb\"},\"inLanguage\":\"en-US\",\"potentialAction\":[{\"@type\":\"ReadAction\",\"target\":[\"https:\\\/\\\/chic-chac.com\\\/en\\\/lodging\\\/camping\\\/\"]}]},{\"@type\":\"ImageObject\",\"inLanguage\":\"en-US\",\"@id\":\"https:\\\/\\\/chic-chac.com\\\/en\\\/lodging\\\/camping\\\/#primaryimage\",\"url\":\"https:\\\/\\\/chic-chac.com\\\/wp-content\\\/uploads\\\/2020\\\/11\\\/Lac-york-logo-800px-300x191.jpg\",\"contentUrl\":\"https:\\\/\\\/chic-chac.com\\\/wp-content\\\/uploads\\\/2020\\\/11\\\/Lac-york-logo-800px-300x191.jpg\"},{\"@type\":\"BreadcrumbList\",\"@id\":\"https:\\\/\\\/chic-chac.com\\\/en\\\/lodging\\\/camping\\\/#breadcrumb\",\"itemListElement\":[{\"@type\":\"ListItem\",\"position\":1,\"name\":\"Accueil\",\"item\":\"https:\\\/\\\/chic-chac.com\\\/en\\\/\"},{\"@type\":\"ListItem\",\"position\":2,\"name\":\"Lodging\",\"item\":\"https:\\\/\\\/chic-chac.com\\\/en\\\/lodging\\\/\"},{\"@type\":\"ListItem\",\"position\":3,\"name\":\"Camping\"}]},{\"@type\":\"WebSite\",\"@id\":\"https:\\\/\\\/chic-chac.com\\\/#website\",\"url\":\"https:\\\/\\\/chic-chac.com\\\/\",\"name\":\"Chic-Chac\",\"description\":\"\",\"potentialAction\":[{\"@type\":\"SearchAction\",\"target\":{\"@type\":\"EntryPoint\",\"urlTemplate\":\"https:\\\/\\\/chic-chac.com\\\/?s={search_term_string}\"},\"query-input\":{\"@type\":\"PropertyValueSpecification\",\"valueRequired\":true,\"valueName\":\"search_term_string\"}}],\"inLanguage\":\"en-US\"}]}<\/script>\n<!-- \/ Yoast SEO plugin. -->","yoast_head_json":{"title":"Camping Sites - Chic-Chocs - Lake York | Murdochville","description":"In the heart of the mountains, camping on the shore of a magnificent lake. Numerous trails for ATVs and Quads. Chic-Chac lodging","robots":{"index":"index","follow":"follow","max-snippet":"max-snippet:-1","max-image-preview":"max-image-preview:large","max-video-preview":"max-video-preview:-1"},"canonical":"https:\/\/chic-chac.com\/en\/lodging\/camping\/","og_locale":"en_US","og_type":"article","og_title":"Camping Sites - Chic-Chocs - Lake York | Murdochville","og_description":"In the heart of the mountains, camping on the shore of a magnificent lake. Numerous trails for ATVs and Quads. Chic-Chac lodging","og_url":"https:\/\/chic-chac.com\/en\/lodging\/camping\/","og_site_name":"Chic-Chac","article_modified_time":"2024-03-31T17:53:22+00:00","og_image":[{"width":800,"height":509,"url":"https:\/\/chic-chac.com\/wp-content\/uploads\/2020\/11\/Lac-york-logo-800px.jpg","type":"image\/jpeg"}],"twitter_card":"summary_large_image","twitter_image":"https:\/\/chic-chac.com\/wp-content\/uploads\/2020\/11\/Lac-york-logo-800px.jpg","twitter_misc":{"Est. reading time":"2 minutes"},"schema":{"@context":"https:\/\/schema.org","@graph":[{"@type":"WebPage","@id":"https:\/\/chic-chac.com\/en\/lodging\/camping\/","url":"https:\/\/chic-chac.com\/en\/lodging\/camping\/","name":"Camping Sites - Chic-Chocs - Lake York | Murdochville","isPartOf":{"@id":"https:\/\/chic-chac.com\/#website"},"primaryImageOfPage":{"@id":"https:\/\/chic-chac.com\/en\/lodging\/camping\/#primaryimage"},"image":{"@id":"https:\/\/chic-chac.com\/en\/lodging\/camping\/#primaryimage"},"thumbnailUrl":"https:\/\/chic-chac.com\/wp-content\/uploads\/2020\/11\/Lac-york-logo-800px-300x191.jpg","datePublished":"2020-10-14T19:26:58+00:00","dateModified":"2024-03-31T17:53:22+00:00","description":"In the heart of the mountains, camping on the shore of a magnificent lake. Numerous trails for ATVs and Quads. Chic-Chac lodging","breadcrumb":{"@id":"https:\/\/chic-chac.com\/en\/lodging\/camping\/#breadcrumb"},"inLanguage":"en-US","potentialAction":[{"@type":"ReadAction","target":["https:\/\/chic-chac.com\/en\/lodging\/camping\/"]}]},{"@type":"ImageObject","inLanguage":"en-US","@id":"https:\/\/chic-chac.com\/en\/lodging\/camping\/#primaryimage","url":"https:\/\/chic-chac.com\/wp-content\/uploads\/2020\/11\/Lac-york-logo-800px-300x191.jpg","contentUrl":"https:\/\/chic-chac.com\/wp-content\/uploads\/2020\/11\/Lac-york-logo-800px-300x191.jpg"},{"@type":"BreadcrumbList","@id":"https:\/\/chic-chac.com\/en\/lodging\/camping\/#breadcrumb","itemListElement":[{"@type":"ListItem","position":1,"name":"Accueil","item":"https:\/\/chic-chac.com\/en\/"},{"@type":"ListItem","position":2,"name":"Lodging","item":"https:\/\/chic-chac.com\/en\/lodging\/"},{"@type":"ListItem","position":3,"name":"Camping"}]},{"@type":"WebSite","@id":"https:\/\/chic-chac.com\/#website","url":"https:\/\/chic-chac.com\/","name":"Chic-Chac","description":"","potentialAction":[{"@type":"SearchAction","target":{"@type":"EntryPoint","urlTemplate":"https:\/\/chic-chac.com\/?s={search_term_string}"},"query-input":{"@type":"PropertyValueSpecification","valueRequired":true,"valueName":"search_term_string"}}],"inLanguage":"en-US"}]}},"_links":{"self":[{"href":"https:\/\/chic-chac.com\/en\/wp-json\/wp\/v2\/pages\/5609","targetHints":{"allow":["GET"]}}],"collection":[{"href":"https:\/\/chic-chac.com\/en\/wp-json\/wp\/v2\/pages"}],"about":[{"href":"https:\/\/chic-chac.com\/en\/wp-json\/wp\/v2\/types\/page"}],"author":[{"embeddable":true,"href":"https:\/\/chic-chac.com\/en\/wp-json\/wp\/v2\/users\/1"}],"replies":[{"embeddable":true,"href":"https:\/\/chic-chac.com\/en\/wp-json\/wp\/v2\/comments?post=5609"}],"version-history":[{"count":20,"href":"https:\/\/chic-chac.com\/en\/wp-json\/wp\/v2\/pages\/5609\/revisions"}],"predecessor-version":[{"id":11747,"href":"https:\/\/chic-chac.com\/en\/wp-json\/wp\/v2\/pages\/5609\/revisions\/11747"}],"wp:attachment":[{"href":"https:\/\/chic-chac.com\/en\/wp-json\/wp\/v2\/media?parent=5609"}],"curies":[{"name":"wp","href":"https:\/\/api.w.org\/{rel}","templated":true}]}}