{"id":5802,"date":"2020-10-15T14:15:06","date_gmt":"2020-10-15T14:15:06","guid":{"rendered":"http:\/\/www.chic-chac.com\/playgrounds\/york-lake-outdoor-center\/"},"modified":"2024-06-27T16:50:25","modified_gmt":"2024-06-27T16:50:25","slug":"york-lake-outdoor-center","status":"publish","type":"page","link":"https:\/\/chic-chac.com\/en\/ski-and-snowboard1\/playgrounds\/york-lake-outdoor-center\/","title":{"rendered":"York lake &#8211; Outdoor center"},"content":{"rendered":"<div class=\"wpb-content-wrapper\">[vc_row][vc_column][gt3_spacing height=&#8221;20px&#8221;][gt3_custom_text text_color=&#8221;#000000&#8243; font_size=&#8221;16&#8243;]\n<h3 style=\"text-align: left;\">YORK LAKE &#8211; OUTDOOR CENTER<\/h3>\n[\/gt3_custom_text][\/vc_column][\/vc_row][vc_row equal_height=&#8221;yes&#8221; column_separator_row=&#8221;&#8221;][vc_column width=&#8221;1\/2&#8243;][vc_single_image image=&#8221;6493&#8243; img_size=&#8221;full&#8221;][\/vc_column][vc_column width=&#8221;1\/2&#8243;][gt3_custom_text text_color=&#8221;#000000&#8243; font_size=&#8221;16&#8243;]Nestled in the heart of the mountains and surrounded by wind turbines, the Centre de Plein Air du Lac York offers you a peaceful place to relax while being surrounded by incredible scenery and breathtaking sunsets. This little corner of paradise will charm you with its serene atmosphere and reinvigorate you as you enjoy the natural environment. A magnificent lake with clear water is home to two species of trout, the brook trout and the arctic char. This will delight fishermen and swimmers alike! Numerous trails for ATVs and Quads will take you on a journey through splendid mountainous landscapes. Our hiking trails will allow you to admire the splendour of our Gaspesian mountains. Golf enthusiasts will also find something to their liking at the Murdochville Golf Course located less than 5 minutes away![\/gt3_custom_text][\/vc_column][\/vc_row][vc_row][vc_column][gt3_spacing height=&#8221;15px&#8221;][gt3_custom_text text_color=&#8221;#000000&#8243; font_size=&#8221;16&#8243;]Located in the heart of the Gasp\u00e9 Peninsula, it is the perfect place to discover all the splendor of this incredible and heartwarming region! Located about one-hour drive from both Gasp\u00e9sie National Park and Gasp\u00e9, as well as a two-hour drive from Perc\u00e9.[\/gt3_custom_text][gt3_spacing height=&#8221;35px&#8221;][\/vc_column][\/vc_row][vc_row column_separator_row=&#8221;&#8221; masked_row=&#8221;&#8221; css=&#8221;.vc_custom_1601577430476{background-image: url(https:\/\/chic-chac.com\/wp-content\/uploads\/2020\/10\/background-small.png?id=4593) !important;}&#8221;][vc_column][gt3_spacing height=&#8221;40px&#8221;][gt3_custom_text text_color=&#8221;#ffffff&#8221; font_size=&#8221;16&#8243;]\n<h3 style=\"text-align: center;\">Don&#8217;t miss the catski&#8230;<\/h3>\n[\/gt3_custom_text][vc_btn title=&#8221;Book now!&#8221; shape=&#8221;square&#8221; color=&#8221;warning&#8221; align=&#8221;center&#8221;][gt3_spacing height=&#8221;65px&#8221;][\/vc_column][\/vc_row][vc_row][vc_column][gt3_spacing height=&#8221;100px&#8221;][\/vc_column][\/vc_row]\n<\/div>","protected":false},"excerpt":{"rendered":"<p>[vc_row][vc_column][gt3_spacing height=&#8221;20px&#8221;][gt3_custom_text text_color=&#8221;#000000&#8243; font_size=&#8221;16&#8243;] YORK LAKE &#8211; OUTDOOR CENTER [\/gt3_custom_text][\/vc_column][\/vc_row][vc_row equal_height=&#8221;yes&#8221; column_separator_row=&#8221;&#8221;][vc_column width=&#8221;1\/2&#8243;][vc_single_image image=&#8221;6493&#8243; img_size=&#8221;full&#8221;][\/vc_column][vc_column width=&#8221;1\/2&#8243;][gt3_custom_text text_color=&#8221;#000000&#8243; font_size=&#8221;16&#8243;]Nestled in the heart of the mountains and surrounded by wind turbines, the Centre de Plein Air du Lac York offers you a peaceful place to relax while being surrounded by incredible scenery and breathtaking sunsets. This little [&hellip;]<\/p>\n","protected":false},"author":1,"featured_media":0,"parent":5877,"menu_order":0,"comment_status":"closed","ping_status":"closed","template":"","meta":{"footnotes":""},"class_list":["post-5802","page","type-page","status-publish","hentry"],"yoast_head":"<!-- This site is optimized with the Yoast SEO plugin v27.5 - https:\/\/yoast.com\/product\/yoast-seo-wordpress\/ -->\n<title>York lake - Outdoor center - Chic-Chac<\/title>\n<meta name=\"robots\" content=\"index, follow, max-snippet:-1, max-image-preview:large, max-video-preview:-1\" \/>\n<link rel=\"canonical\" href=\"https:\/\/chic-chac.com\/en\/ski-and-snowboard1\/playgrounds\/york-lake-outdoor-center\/\" \/>\n<meta property=\"og:locale\" content=\"en_US\" \/>\n<meta property=\"og:type\" content=\"article\" \/>\n<meta property=\"og:title\" content=\"York lake - Outdoor center - Chic-Chac\" \/>\n<meta property=\"og:description\" content=\"[vc_row][vc_column][gt3_spacing height=&#8221;20px&#8221;][gt3_custom_text text_color=&#8221;#000000&#8243; font_size=&#8221;16&#8243;] YORK LAKE &#8211; OUTDOOR CENTER [\/gt3_custom_text][\/vc_column][\/vc_row][vc_row equal_height=&#8221;yes&#8221; column_separator_row=&#8221;&#8221;][vc_column width=&#8221;1\/2&#8243;][vc_single_image image=&#8221;6493&#8243; img_size=&#8221;full&#8221;][\/vc_column][vc_column width=&#8221;1\/2&#8243;][gt3_custom_text text_color=&#8221;#000000&#8243; font_size=&#8221;16&#8243;]Nestled in the heart of the mountains and surrounded by wind turbines, the Centre de Plein Air du Lac York offers you a peaceful place to relax while being surrounded by incredible scenery and breathtaking sunsets. This little [&hellip;]\" \/>\n<meta property=\"og:url\" content=\"https:\/\/chic-chac.com\/en\/ski-and-snowboard1\/playgrounds\/york-lake-outdoor-center\/\" \/>\n<meta property=\"og:site_name\" content=\"Chic-Chac\" \/>\n<meta property=\"article:modified_time\" content=\"2024-06-27T16:50:25+00:00\" \/>\n<meta property=\"og:image\" content=\"https:\/\/chic-chac.com\/wp-content\/uploads\/2022\/08\/20211229-FR-C02-6013.jpg\" \/>\n\t<meta property=\"og:image:width\" content=\"1400\" \/>\n\t<meta property=\"og:image:height\" content=\"932\" \/>\n\t<meta property=\"og:image:type\" content=\"image\/jpeg\" \/>\n<meta name=\"twitter:card\" content=\"summary_large_image\" \/>\n<meta name=\"twitter:label1\" content=\"Est. reading time\" \/>\n\t<meta name=\"twitter:data1\" content=\"2 minutes\" \/>\n<script type=\"application\/ld+json\" class=\"yoast-schema-graph\">{\"@context\":\"https:\\\/\\\/schema.org\",\"@graph\":[{\"@type\":\"WebPage\",\"@id\":\"https:\\\/\\\/chic-chac.com\\\/en\\\/ski-and-snowboard1\\\/playgrounds\\\/york-lake-outdoor-center\\\/\",\"url\":\"https:\\\/\\\/chic-chac.com\\\/en\\\/ski-and-snowboard1\\\/playgrounds\\\/york-lake-outdoor-center\\\/\",\"name\":\"York lake - Outdoor center - Chic-Chac\",\"isPartOf\":{\"@id\":\"https:\\\/\\\/chic-chac.com\\\/#website\"},\"datePublished\":\"2020-10-15T14:15:06+00:00\",\"dateModified\":\"2024-06-27T16:50:25+00:00\",\"breadcrumb\":{\"@id\":\"https:\\\/\\\/chic-chac.com\\\/en\\\/ski-and-snowboard1\\\/playgrounds\\\/york-lake-outdoor-center\\\/#breadcrumb\"},\"inLanguage\":\"en-US\",\"potentialAction\":[{\"@type\":\"ReadAction\",\"target\":[\"https:\\\/\\\/chic-chac.com\\\/en\\\/ski-and-snowboard1\\\/playgrounds\\\/york-lake-outdoor-center\\\/\"]}]},{\"@type\":\"BreadcrumbList\",\"@id\":\"https:\\\/\\\/chic-chac.com\\\/en\\\/ski-and-snowboard1\\\/playgrounds\\\/york-lake-outdoor-center\\\/#breadcrumb\",\"itemListElement\":[{\"@type\":\"ListItem\",\"position\":1,\"name\":\"Accueil\",\"item\":\"https:\\\/\\\/chic-chac.com\\\/en\\\/\"},{\"@type\":\"ListItem\",\"position\":2,\"name\":\"Ski &#038; Snowboard\",\"item\":\"https:\\\/\\\/chic-chac.com\\\/en\\\/ski-and-snowboard1\\\/\"},{\"@type\":\"ListItem\",\"position\":3,\"name\":\"Playgrounds\",\"item\":\"https:\\\/\\\/chic-chac.com\\\/en\\\/ski-and-snowboard1\\\/playgrounds\\\/\"},{\"@type\":\"ListItem\",\"position\":4,\"name\":\"York lake &#8211; Outdoor center\"}]},{\"@type\":\"WebSite\",\"@id\":\"https:\\\/\\\/chic-chac.com\\\/#website\",\"url\":\"https:\\\/\\\/chic-chac.com\\\/\",\"name\":\"Chic-Chac\",\"description\":\"\",\"potentialAction\":[{\"@type\":\"SearchAction\",\"target\":{\"@type\":\"EntryPoint\",\"urlTemplate\":\"https:\\\/\\\/chic-chac.com\\\/?s={search_term_string}\"},\"query-input\":{\"@type\":\"PropertyValueSpecification\",\"valueRequired\":true,\"valueName\":\"search_term_string\"}}],\"inLanguage\":\"en-US\"}]}<\/script>\n<!-- \/ Yoast SEO plugin. -->","yoast_head_json":{"title":"York lake - Outdoor center - Chic-Chac","robots":{"index":"index","follow":"follow","max-snippet":"max-snippet:-1","max-image-preview":"max-image-preview:large","max-video-preview":"max-video-preview:-1"},"canonical":"https:\/\/chic-chac.com\/en\/ski-and-snowboard1\/playgrounds\/york-lake-outdoor-center\/","og_locale":"en_US","og_type":"article","og_title":"York lake - Outdoor center - Chic-Chac","og_description":"[vc_row][vc_column][gt3_spacing height=&#8221;20px&#8221;][gt3_custom_text text_color=&#8221;#000000&#8243; font_size=&#8221;16&#8243;] YORK LAKE &#8211; OUTDOOR CENTER [\/gt3_custom_text][\/vc_column][\/vc_row][vc_row equal_height=&#8221;yes&#8221; column_separator_row=&#8221;&#8221;][vc_column width=&#8221;1\/2&#8243;][vc_single_image image=&#8221;6493&#8243; img_size=&#8221;full&#8221;][\/vc_column][vc_column width=&#8221;1\/2&#8243;][gt3_custom_text text_color=&#8221;#000000&#8243; font_size=&#8221;16&#8243;]Nestled in the heart of the mountains and surrounded by wind turbines, the Centre de Plein Air du Lac York offers you a peaceful place to relax while being surrounded by incredible scenery and breathtaking sunsets. This little [&hellip;]","og_url":"https:\/\/chic-chac.com\/en\/ski-and-snowboard1\/playgrounds\/york-lake-outdoor-center\/","og_site_name":"Chic-Chac","article_modified_time":"2024-06-27T16:50:25+00:00","og_image":[{"width":1400,"height":932,"url":"https:\/\/chic-chac.com\/wp-content\/uploads\/2022\/08\/20211229-FR-C02-6013.jpg","type":"image\/jpeg"}],"twitter_card":"summary_large_image","twitter_misc":{"Est. reading time":"2 minutes"},"schema":{"@context":"https:\/\/schema.org","@graph":[{"@type":"WebPage","@id":"https:\/\/chic-chac.com\/en\/ski-and-snowboard1\/playgrounds\/york-lake-outdoor-center\/","url":"https:\/\/chic-chac.com\/en\/ski-and-snowboard1\/playgrounds\/york-lake-outdoor-center\/","name":"York lake - Outdoor center - Chic-Chac","isPartOf":{"@id":"https:\/\/chic-chac.com\/#website"},"datePublished":"2020-10-15T14:15:06+00:00","dateModified":"2024-06-27T16:50:25+00:00","breadcrumb":{"@id":"https:\/\/chic-chac.com\/en\/ski-and-snowboard1\/playgrounds\/york-lake-outdoor-center\/#breadcrumb"},"inLanguage":"en-US","potentialAction":[{"@type":"ReadAction","target":["https:\/\/chic-chac.com\/en\/ski-and-snowboard1\/playgrounds\/york-lake-outdoor-center\/"]}]},{"@type":"BreadcrumbList","@id":"https:\/\/chic-chac.com\/en\/ski-and-snowboard1\/playgrounds\/york-lake-outdoor-center\/#breadcrumb","itemListElement":[{"@type":"ListItem","position":1,"name":"Accueil","item":"https:\/\/chic-chac.com\/en\/"},{"@type":"ListItem","position":2,"name":"Ski &#038; Snowboard","item":"https:\/\/chic-chac.com\/en\/ski-and-snowboard1\/"},{"@type":"ListItem","position":3,"name":"Playgrounds","item":"https:\/\/chic-chac.com\/en\/ski-and-snowboard1\/playgrounds\/"},{"@type":"ListItem","position":4,"name":"York lake &#8211; Outdoor center"}]},{"@type":"WebSite","@id":"https:\/\/chic-chac.com\/#website","url":"https:\/\/chic-chac.com\/","name":"Chic-Chac","description":"","potentialAction":[{"@type":"SearchAction","target":{"@type":"EntryPoint","urlTemplate":"https:\/\/chic-chac.com\/?s={search_term_string}"},"query-input":{"@type":"PropertyValueSpecification","valueRequired":true,"valueName":"search_term_string"}}],"inLanguage":"en-US"}]}},"_links":{"self":[{"href":"https:\/\/chic-chac.com\/en\/wp-json\/wp\/v2\/pages\/5802","targetHints":{"allow":["GET"]}}],"collection":[{"href":"https:\/\/chic-chac.com\/en\/wp-json\/wp\/v2\/pages"}],"about":[{"href":"https:\/\/chic-chac.com\/en\/wp-json\/wp\/v2\/types\/page"}],"author":[{"embeddable":true,"href":"https:\/\/chic-chac.com\/en\/wp-json\/wp\/v2\/users\/1"}],"replies":[{"embeddable":true,"href":"https:\/\/chic-chac.com\/en\/wp-json\/wp\/v2\/comments?post=5802"}],"version-history":[{"count":7,"href":"https:\/\/chic-chac.com\/en\/wp-json\/wp\/v2\/pages\/5802\/revisions"}],"predecessor-version":[{"id":11826,"href":"https:\/\/chic-chac.com\/en\/wp-json\/wp\/v2\/pages\/5802\/revisions\/11826"}],"up":[{"embeddable":true,"href":"https:\/\/chic-chac.com\/en\/wp-json\/wp\/v2\/pages\/5877"}],"wp:attachment":[{"href":"https:\/\/chic-chac.com\/en\/wp-json\/wp\/v2\/media?parent=5802"}],"curies":[{"name":"wp","href":"https:\/\/api.w.org\/{rel}","templated":true}]}}