{"id":5826,"date":"2020-10-15T14:33:29","date_gmt":"2020-10-15T14:33:29","guid":{"rendered":"http:\/\/www.chic-chac.com\/activities-and-playgrounds\/playgrounds\/york-river\/"},"modified":"2024-06-27T16:59:14","modified_gmt":"2024-06-27T16:59:14","slug":"york-river","status":"publish","type":"page","link":"https:\/\/chic-chac.com\/en\/ski-and-snowboard1\/playgrounds\/york-river\/","title":{"rendered":"York river"},"content":{"rendered":"<div class=\"wpb-content-wrapper\">[vc_row][vc_column][gt3_spacing height=&#8221;20px&#8221;][gt3_custom_text text_color=&#8221;#000000&#8243; font_size=&#8221;16&#8243;]\n<h3 style=\"text-align: left;\">York river<\/h3>\n[\/gt3_custom_text][\/vc_column][\/vc_row][vc_row equal_height=&#8221;yes&#8221; column_separator_row=&#8221;&#8221;][vc_column width=&#8221;1\/2&#8243;][vc_single_image image=&#8221;7284&#8243; img_size=&#8221;full&#8221;][\/vc_column][vc_column width=&#8221;1\/2&#8243;][gt3_custom_text text_color=&#8221;#000000&#8243; font_size=&#8221;16&#8243;]\n<h6><span>La rivi\u00e8re York ne peut \u00eatre d\u00e9crite autrement qu\u2019\u00e9tant une perle rare, un joyau naturel de la p\u00e9ninsule gasp\u00e9sienne et une rivi\u00e8re l\u00e9gendaire pour de nombreux avides p\u00eacheurs. Avec une eau claire \u00e0 la couleur vert \u00e9meraude, la rivi\u00e8re York est une des rivi\u00e8res les plus convoit\u00e9es pour la p\u00eache au saumon et est reconnu pour ses saumons abondants et de tailles pro\u00e9minentes, d\u00e9passant occasionnellement les 35 livres. Ces majestueux poissons migrateurs repr\u00e9sentent un d\u00e9fi de taille pour les p\u00eacheurs aguerris qui cherche \u00e0 faire face \u00e0 ce guerrier des eaux. Un total de 70 fosses r\u00e9parties dans 11 secteurs de p\u00eache sont trouv\u00e9s le long des 98 kilom\u00e8tres qui constituent ce cours d\u2019eau.<\/span><\/h6>\n[\/gt3_custom_text][\/vc_column][\/vc_row][vc_row][vc_column][gt3_spacing height=&#8221;15px&#8221;][gt3_custom_text text_color=&#8221;#000000&#8243; font_size=&#8221;16&#8243;]Cette rivi\u00e8re prend sa source dans les monts Notre-Dame, plus pr\u00e9cis\u00e9ment dans le lac York pr\u00e8s de Murdochville, et poursuit son chemin sinueux au travers les montagnes jusqu\u2019\u00e0 ce qu\u2019elle rejoigne la Baie de Gasp\u00e9 o\u00f9 elle finit son parcours. Ce cours d\u2019eau coule principalement en r\u00e9gion inhabit\u00e9e, \u00e0 l\u2019exception des derniers kilom\u00e8tres pr\u00e8s de Gasp\u00e9, et est bord\u00e9 de paysages naturels saisissants, notamment un canyon imposant de plusieurs kilom\u00e8tres. La rivi\u00e8re York est navigable au printemps lors de la crue ou en eau tr\u00e8s haute apr\u00e8s de fortes pluies. Il est possible de descendre la rivi\u00e8re \u00e0 canot, en raft et en kayak de rivi\u00e8re au courant de sa p\u00e9riode navigable. Aussi, la combinaison isothermique, ou\u00a0<em>drysuit,<\/em>\u00a0est fortement recommand\u00e9e, voire m\u00eame indispensable, pour une journ\u00e9e sur la rivi\u00e8re York \u00e9tant donn\u00e9 que l\u2019eau de la rivi\u00e8re \u00e0 cette p\u00e9riode provient principalement de la fonte des neiges et est donc tr\u00e8s froide. Les locaux vous affirmeront certainement le contraire, mais l\u2019eau de la Gasp\u00e9sie reste assez froide m\u00eame pendant la p\u00e9riode estivale.[\/gt3_custom_text][gt3_spacing height=&#8221;35px&#8221;][vc_btn title=&#8221;More details&#8221; shape=&#8221;square&#8221; color=&#8221;warning&#8221; link=&#8221;url:http%3A%2F%2Fchic-chac.com%2Fen%2Fcontact-us%2F|title:Contact%20us||&#8221;][gt3_spacing height=&#8221;35px&#8221;][\/vc_column][\/vc_row][vc_row][vc_column]<div class=\"evc-image-gallery evc-shortcode evc-element-has-columns  evc-ig-grid-type evc-three-columns evc-no-space  \">\n\t<div class=\"evc-ig-wrapper evc-element-wrapper\">\n\t\t\t\t\t<div class=\"evc-ig-image-item evc-element-item\">\n\t\t\t\t<div class=\"evc-ig-image evc-ib-lightbox\">\n\t\t\t\t\t\t\t\t\t\t\n\t\t\t\t\t\t\t\t\t\t\t<a class=\"evc-ig-lightbox\" href=\"https:\/\/chic-chac.com\/wp-content\/uploads\/2020\/11\/20070502-CHIC-CHAC-PECHE-YORK-352-800px.jpg\" data-lightbox=\"evc-ig-lb-7137\" data-title=\"20070502-CHIC-CHAC-PECHE-YORK-352-800px\">\n\t\t\t\t\t\t\t\t\t\t\n\t\t\t\t\t<img loading=\"lazy\" decoding=\"async\" src=\"https:\/\/chic-chac.com\/wp-content\/uploads\/2020\/11\/20070502-CHIC-CHAC-PECHE-YORK-352-800px-800x535.jpg\" alt=\"\" width=\"800\" height=\"535\" \/>\t\t\t\t\t\n\t\t\t\t\t\t\t\t\t\t\t<\/a>\n\t\t\t\t\t\t\t\t\t<\/div>\n\t\t\t<\/div>\n\t\t\t\t\t<div class=\"evc-ig-image-item evc-element-item\">\n\t\t\t\t<div class=\"evc-ig-image evc-ib-lightbox\">\n\t\t\t\t\t\t\t\t\t\t\n\t\t\t\t\t\t\t\t\t\t\t<a class=\"evc-ig-lightbox\" href=\"https:\/\/chic-chac.com\/wp-content\/uploads\/2020\/11\/20070501-CHIC-CHAC-PECHE-YORK-350-800px.jpg\" data-lightbox=\"evc-ig-lb-7137\" data-title=\"fosse La Chute\">\n\t\t\t\t\t\t\t\t\t\t\n\t\t\t\t\t<img loading=\"lazy\" decoding=\"async\" src=\"https:\/\/chic-chac.com\/wp-content\/uploads\/2020\/11\/20070501-CHIC-CHAC-PECHE-YORK-350-800px-800x535.jpg\" alt=\"\" width=\"800\" height=\"535\" \/>\t\t\t\t\t\n\t\t\t\t\t\t\t\t\t\t\t<\/a>\n\t\t\t\t\t\t\t\t\t<\/div>\n\t\t\t<\/div>\n\t\t\t\t\t<div class=\"evc-ig-image-item evc-element-item\">\n\t\t\t\t<div class=\"evc-ig-image evc-ib-lightbox\">\n\t\t\t\t\t\t\t\t\t\t\n\t\t\t\t\t\t\t\t\t\t\t<a class=\"evc-ig-lightbox\" href=\"https:\/\/chic-chac.com\/wp-content\/uploads\/2020\/11\/SnapShot20-800px.jpg\" data-lightbox=\"evc-ig-lb-7137\" data-title=\"SnapShot(20)-800px\">\n\t\t\t\t\t\t\t\t\t\t\n\t\t\t\t\t<img loading=\"lazy\" decoding=\"async\" src=\"https:\/\/chic-chac.com\/wp-content\/uploads\/2020\/11\/SnapShot20-800px-800x535.jpg\" alt=\"\" width=\"800\" height=\"535\" \/>\t\t\t\t\t\n\t\t\t\t\t\t\t\t\t\t\t<\/a>\n\t\t\t\t\t\t\t\t\t<\/div>\n\t\t\t<\/div>\n\t\t\t\t\t<div class=\"evc-ig-image-item evc-element-item\">\n\t\t\t\t<div class=\"evc-ig-image evc-ib-lightbox\">\n\t\t\t\t\t\t\t\t\t\t\n\t\t\t\t\t\t\t\t\t\t\t<a class=\"evc-ig-lightbox\" href=\"https:\/\/chic-chac.com\/wp-content\/uploads\/2020\/11\/65318084_2023286181109490_7224614868567982080_n-800px.jpg\" data-lightbox=\"evc-ig-lb-7137\" data-title=\"65318084_2023286181109490_7224614868567982080_n-800px\">\n\t\t\t\t\t\t\t\t\t\t\n\t\t\t\t\t<img loading=\"lazy\" decoding=\"async\" src=\"https:\/\/chic-chac.com\/wp-content\/uploads\/2020\/11\/65318084_2023286181109490_7224614868567982080_n-800px-800x535.jpg\" alt=\"\" width=\"800\" height=\"535\" \/>\t\t\t\t\t\n\t\t\t\t\t\t\t\t\t\t\t<\/a>\n\t\t\t\t\t\t\t\t\t<\/div>\n\t\t\t<\/div>\n\t\t\t\t\t<div class=\"evc-ig-image-item evc-element-item\">\n\t\t\t\t<div class=\"evc-ig-image evc-ib-lightbox\">\n\t\t\t\t\t\t\t\t\t\t\n\t\t\t\t\t\t\t\t\t\t\t<a class=\"evc-ig-lightbox\" href=\"https:\/\/chic-chac.com\/wp-content\/uploads\/2020\/11\/18405737_10155543156333974_1553714648_o-800px.jpg\" data-lightbox=\"evc-ig-lb-7137\" data-title=\"18405737_10155543156333974_1553714648_o-800px\">\n\t\t\t\t\t\t\t\t\t\t\n\t\t\t\t\t<img loading=\"lazy\" decoding=\"async\" src=\"https:\/\/chic-chac.com\/wp-content\/uploads\/2020\/11\/18405737_10155543156333974_1553714648_o-800px-800x535.jpg\" alt=\"\" width=\"800\" height=\"535\" \/>\t\t\t\t\t\n\t\t\t\t\t\t\t\t\t\t\t<\/a>\n\t\t\t\t\t\t\t\t\t<\/div>\n\t\t\t<\/div>\n\t\t\t\t\t<div class=\"evc-ig-image-item evc-element-item\">\n\t\t\t\t<div class=\"evc-ig-image evc-ib-lightbox\">\n\t\t\t\t\t\t\t\t\t\t\n\t\t\t\t\t\t\t\t\t\t\t<a class=\"evc-ig-lightbox\" href=\"https:\/\/chic-chac.com\/wp-content\/uploads\/2020\/11\/2008-09-08-18.29.30-800px.jpg\" data-lightbox=\"evc-ig-lb-7137\" data-title=\"OLYMPUS DIGITAL CAMERA\">\n\t\t\t\t\t\t\t\t\t\t\n\t\t\t\t\t<img loading=\"lazy\" decoding=\"async\" src=\"https:\/\/chic-chac.com\/wp-content\/uploads\/2020\/11\/2008-09-08-18.29.30-800px-800x535.jpg\" alt=\"\" width=\"800\" height=\"535\" \/>\t\t\t\t\t\n\t\t\t\t\t\t\t\t\t\t\t<\/a>\n\t\t\t\t\t\t\t\t\t<\/div>\n\t\t\t<\/div>\n\t\t\t\t\t<div class=\"evc-ig-image-item evc-element-item\">\n\t\t\t\t<div class=\"evc-ig-image evc-ib-lightbox\">\n\t\t\t\t\t\t\t\t\t\t\n\t\t\t\t\t\t\t\t\t\t\t<a class=\"evc-ig-lightbox\" href=\"https:\/\/chic-chac.com\/wp-content\/uploads\/2020\/11\/2008-09-08-18.26.11-800px.jpg\" data-lightbox=\"evc-ig-lb-7137\" data-title=\"OLYMPUS DIGITAL CAMERA\">\n\t\t\t\t\t\t\t\t\t\t\n\t\t\t\t\t<img loading=\"lazy\" decoding=\"async\" src=\"https:\/\/chic-chac.com\/wp-content\/uploads\/2020\/11\/2008-09-08-18.26.11-800px-800x535.jpg\" alt=\"\" width=\"800\" height=\"535\" \/>\t\t\t\t\t\n\t\t\t\t\t\t\t\t\t\t\t<\/a>\n\t\t\t\t\t\t\t\t\t<\/div>\n\t\t\t<\/div>\n\t\t\t\t\t<div class=\"evc-ig-image-item evc-element-item\">\n\t\t\t\t<div class=\"evc-ig-image evc-ib-lightbox\">\n\t\t\t\t\t\t\t\t\t\t\n\t\t\t\t\t\t\t\t\t\t\t<a class=\"evc-ig-lightbox\" href=\"https:\/\/chic-chac.com\/wp-content\/uploads\/2020\/11\/2008-09-08-18.21.39-800px.jpg\" data-lightbox=\"evc-ig-lb-7137\" data-title=\"OLYMPUS DIGITAL CAMERA\">\n\t\t\t\t\t\t\t\t\t\t\n\t\t\t\t\t<img loading=\"lazy\" decoding=\"async\" src=\"https:\/\/chic-chac.com\/wp-content\/uploads\/2020\/11\/2008-09-08-18.21.39-800px-800x535.jpg\" alt=\"\" width=\"800\" height=\"535\" \/>\t\t\t\t\t\n\t\t\t\t\t\t\t\t\t\t\t<\/a>\n\t\t\t\t\t\t\t\t\t<\/div>\n\t\t\t<\/div>\n\t\t\t\t\t<div class=\"evc-ig-image-item evc-element-item\">\n\t\t\t\t<div class=\"evc-ig-image evc-ib-lightbox\">\n\t\t\t\t\t\t\t\t\t\t\n\t\t\t\t\t\t\t\t\t\t\t<a class=\"evc-ig-lightbox\" href=\"https:\/\/chic-chac.com\/wp-content\/uploads\/2020\/11\/2008-09-08-15.08.07-800px.jpg\" data-lightbox=\"evc-ig-lb-7137\" data-title=\"OLYMPUS DIGITAL CAMERA\">\n\t\t\t\t\t\t\t\t\t\t\n\t\t\t\t\t<img loading=\"lazy\" decoding=\"async\" src=\"https:\/\/chic-chac.com\/wp-content\/uploads\/2020\/11\/2008-09-08-15.08.07-800px-800x535.jpg\" alt=\"\" width=\"800\" height=\"535\" \/>\t\t\t\t\t\n\t\t\t\t\t\t\t\t\t\t\t<\/a>\n\t\t\t\t\t\t\t\t\t<\/div>\n\t\t\t<\/div>\n\t\t\t\t\t<div class=\"evc-ig-image-item evc-element-item\">\n\t\t\t\t<div class=\"evc-ig-image evc-ib-lightbox\">\n\t\t\t\t\t\t\t\t\t\t\n\t\t\t\t\t\t\t\t\t\t\t<a class=\"evc-ig-lightbox\" href=\"https:\/\/chic-chac.com\/wp-content\/uploads\/2020\/11\/2008-09-08-18.52.19-800px.jpg\" data-lightbox=\"evc-ig-lb-7137\" data-title=\"OLYMPUS DIGITAL CAMERA\">\n\t\t\t\t\t\t\t\t\t\t\n\t\t\t\t\t<img loading=\"lazy\" decoding=\"async\" src=\"https:\/\/chic-chac.com\/wp-content\/uploads\/2020\/11\/2008-09-08-18.52.19-800px-800x535.jpg\" alt=\"\" width=\"800\" height=\"535\" \/>\t\t\t\t\t\n\t\t\t\t\t\t\t\t\t\t\t<\/a>\n\t\t\t\t\t\t\t\t\t<\/div>\n\t\t\t<\/div>\n\t\t\t<\/div>\n<\/div>\n[gt3_spacing height=&#8221;100px&#8221;][\/vc_column][\/vc_row][vc_row column_separator_row=&#8221;&#8221; masked_row=&#8221;&#8221; css=&#8221;.vc_custom_1601650330033{background-color: #1c1f09 !important;}&#8221;][vc_column][gt3_spacing height=&#8221;40px&#8221;][gt3_custom_text text_color=&#8221;#ffffff&#8221; font_size=&#8221;16&#8243;]\n<h3 style=\"text-align: center;\">HAVE ANY QUESTIONS?<\/h3>\n[\/gt3_custom_text][vc_btn title=&#8221;GIVE US A CALL!&#8221; shape=&#8221;square&#8221; color=&#8221;warning&#8221; align=&#8221;center&#8221; link=&#8221;url:http%3A%2F%2Fchic-chac.com%2Fen%2Fcontact-us%2F|title:Contact%20us||&#8221;][gt3_spacing height=&#8221;65px&#8221;][\/vc_column][\/vc_row][vc_row][vc_column][gt3_spacing height=&#8221;100px&#8221;][\/vc_column][\/vc_row][vc_row full_width=&#8221;stretch_row_content_no_spaces&#8221; column_separator_row=&#8221;&#8221; masked_row=&#8221;&#8221; css=&#8221;.vc_custom_1602080848858{background-image: url(https:\/\/chic-chac.com\/wp-content\/uploads\/2020\/09\/fond-amuser.png?id=4505) !important;}&#8221;][vc_column][gt3_spacing height=&#8221;42px&#8221;][gt3_custom_text text_color=&#8221;#000000&#8243; font_size=&#8221;16&#8243;]\n<h3 style=\"text-align: center;\">MANY WAYS TO HAVE FUN<br \/>\nAT THE CHIC CHAC<\/h3>\n[\/gt3_custom_text][vc_btn title=&#8221;DISCOVER OUR PLAYGROUND&#8221; style=&#8221;outline&#8221; shape=&#8221;square&#8221; color=&#8221;black&#8221; align=&#8221;center&#8221; link=&#8221;url:http%3A%2F%2Fchic-chac.com%2Fen%2Fski-and-snowboard%2Fplaygrounds%2F|title:Activities%20and%20Playgrounds||&#8221;][gt3_spacing height=&#8221;80px&#8221;][\/vc_column][\/vc_row]\n<\/div>","protected":false},"excerpt":{"rendered":"<p>[vc_row][vc_column][gt3_spacing height=&#8221;20px&#8221;][gt3_custom_text text_color=&#8221;#000000&#8243; font_size=&#8221;16&#8243;] York river [\/gt3_custom_text][\/vc_column][\/vc_row][vc_row equal_height=&#8221;yes&#8221; column_separator_row=&#8221;&#8221;][vc_column width=&#8221;1\/2&#8243;][vc_single_image image=&#8221;7284&#8243; img_size=&#8221;full&#8221;][\/vc_column][vc_column width=&#8221;1\/2&#8243;][gt3_custom_text text_color=&#8221;#000000&#8243; font_size=&#8221;16&#8243;] La rivi\u00e8re York ne peut \u00eatre d\u00e9crite autrement qu\u2019\u00e9tant une perle rare, un joyau naturel de la p\u00e9ninsule gasp\u00e9sienne et une rivi\u00e8re l\u00e9gendaire pour de nombreux avides p\u00eacheurs. Avec une eau claire \u00e0 la couleur vert \u00e9meraude, la rivi\u00e8re York [&hellip;]<\/p>\n","protected":false},"author":1,"featured_media":0,"parent":5877,"menu_order":0,"comment_status":"closed","ping_status":"closed","template":"","meta":{"footnotes":""},"class_list":["post-5826","page","type-page","status-publish","hentry"],"yoast_head":"<!-- This site is optimized with the Yoast SEO plugin v27.3 - https:\/\/yoast.com\/product\/yoast-seo-wordpress\/ -->\n<title>The York River - Gaspesie - Chic-Chac | Murdochville<\/title>\n<meta name=\"description\" content=\"One of the most sought after salmon river in Canada, flows on 98km, rafting. Starts for Lake York and runs through Gasp\u00e9\" \/>\n<meta name=\"robots\" content=\"index, follow, max-snippet:-1, max-image-preview:large, max-video-preview:-1\" \/>\n<link rel=\"canonical\" href=\"https:\/\/chic-chac.com\/en\/ski-and-snowboard1\/playgrounds\/york-river\/\" \/>\n<meta property=\"og:locale\" content=\"en_US\" \/>\n<meta property=\"og:type\" content=\"article\" \/>\n<meta property=\"og:title\" content=\"The York River - Gaspesie - Chic-Chac | Murdochville\" \/>\n<meta property=\"og:description\" content=\"One of the most sought after salmon river in Canada, flows on 98km, rafting. Starts for Lake York and runs through Gasp\u00e9\" \/>\n<meta property=\"og:url\" content=\"https:\/\/chic-chac.com\/en\/ski-and-snowboard1\/playgrounds\/york-river\/\" \/>\n<meta property=\"og:site_name\" content=\"Chic-Chac\" \/>\n<meta property=\"article:modified_time\" content=\"2024-06-27T16:59:14+00:00\" \/>\n<meta property=\"og:image\" content=\"https:\/\/chic-chac.com\/wp-content\/uploads\/2020\/11\/20070502-CHIC-CHAC-PECHE-YORK-352-800px.jpg\" \/>\n\t<meta property=\"og:image:width\" content=\"800\" \/>\n\t<meta property=\"og:image:height\" content=\"532\" \/>\n\t<meta property=\"og:image:type\" content=\"image\/jpeg\" \/>\n<meta name=\"twitter:card\" content=\"summary_large_image\" \/>\n<meta name=\"twitter:image\" content=\"https:\/\/chic-chac.com\/wp-content\/uploads\/2020\/11\/20070502-CHIC-CHAC-PECHE-YORK-352-800px.jpg\" \/>\n<meta name=\"twitter:label1\" content=\"Est. reading time\" \/>\n\t<meta name=\"twitter:data1\" content=\"2 minutes\" \/>\n<script type=\"application\/ld+json\" class=\"yoast-schema-graph\">{\"@context\":\"https:\\\/\\\/schema.org\",\"@graph\":[{\"@type\":\"WebPage\",\"@id\":\"https:\\\/\\\/chic-chac.com\\\/en\\\/ski-and-snowboard1\\\/playgrounds\\\/york-river\\\/\",\"url\":\"https:\\\/\\\/chic-chac.com\\\/en\\\/ski-and-snowboard1\\\/playgrounds\\\/york-river\\\/\",\"name\":\"The York River - Gaspesie - Chic-Chac | Murdochville\",\"isPartOf\":{\"@id\":\"https:\\\/\\\/chic-chac.com\\\/#website\"},\"datePublished\":\"2020-10-15T14:33:29+00:00\",\"dateModified\":\"2024-06-27T16:59:14+00:00\",\"description\":\"One of the most sought after salmon river in Canada, flows on 98km, rafting. Starts for Lake York and runs through Gasp\u00e9\",\"breadcrumb\":{\"@id\":\"https:\\\/\\\/chic-chac.com\\\/en\\\/ski-and-snowboard1\\\/playgrounds\\\/york-river\\\/#breadcrumb\"},\"inLanguage\":\"en-US\",\"potentialAction\":[{\"@type\":\"ReadAction\",\"target\":[\"https:\\\/\\\/chic-chac.com\\\/en\\\/ski-and-snowboard1\\\/playgrounds\\\/york-river\\\/\"]}]},{\"@type\":\"BreadcrumbList\",\"@id\":\"https:\\\/\\\/chic-chac.com\\\/en\\\/ski-and-snowboard1\\\/playgrounds\\\/york-river\\\/#breadcrumb\",\"itemListElement\":[{\"@type\":\"ListItem\",\"position\":1,\"name\":\"Accueil\",\"item\":\"https:\\\/\\\/chic-chac.com\\\/en\\\/\"},{\"@type\":\"ListItem\",\"position\":2,\"name\":\"Ski &#038; Snowboard\",\"item\":\"https:\\\/\\\/chic-chac.com\\\/en\\\/ski-and-snowboard1\\\/\"},{\"@type\":\"ListItem\",\"position\":3,\"name\":\"Playgrounds\",\"item\":\"https:\\\/\\\/chic-chac.com\\\/en\\\/ski-and-snowboard1\\\/playgrounds\\\/\"},{\"@type\":\"ListItem\",\"position\":4,\"name\":\"York river\"}]},{\"@type\":\"WebSite\",\"@id\":\"https:\\\/\\\/chic-chac.com\\\/#website\",\"url\":\"https:\\\/\\\/chic-chac.com\\\/\",\"name\":\"Chic-Chac\",\"description\":\"\",\"potentialAction\":[{\"@type\":\"SearchAction\",\"target\":{\"@type\":\"EntryPoint\",\"urlTemplate\":\"https:\\\/\\\/chic-chac.com\\\/?s={search_term_string}\"},\"query-input\":{\"@type\":\"PropertyValueSpecification\",\"valueRequired\":true,\"valueName\":\"search_term_string\"}}],\"inLanguage\":\"en-US\"}]}<\/script>\n<!-- \/ Yoast SEO plugin. -->","yoast_head_json":{"title":"The York River - Gaspesie - Chic-Chac | Murdochville","description":"One of the most sought after salmon river in Canada, flows on 98km, rafting. Starts for Lake York and runs through Gasp\u00e9","robots":{"index":"index","follow":"follow","max-snippet":"max-snippet:-1","max-image-preview":"max-image-preview:large","max-video-preview":"max-video-preview:-1"},"canonical":"https:\/\/chic-chac.com\/en\/ski-and-snowboard1\/playgrounds\/york-river\/","og_locale":"en_US","og_type":"article","og_title":"The York River - Gaspesie - Chic-Chac | Murdochville","og_description":"One of the most sought after salmon river in Canada, flows on 98km, rafting. Starts for Lake York and runs through Gasp\u00e9","og_url":"https:\/\/chic-chac.com\/en\/ski-and-snowboard1\/playgrounds\/york-river\/","og_site_name":"Chic-Chac","article_modified_time":"2024-06-27T16:59:14+00:00","og_image":[{"width":800,"height":532,"url":"https:\/\/chic-chac.com\/wp-content\/uploads\/2020\/11\/20070502-CHIC-CHAC-PECHE-YORK-352-800px.jpg","type":"image\/jpeg"}],"twitter_card":"summary_large_image","twitter_image":"https:\/\/chic-chac.com\/wp-content\/uploads\/2020\/11\/20070502-CHIC-CHAC-PECHE-YORK-352-800px.jpg","twitter_misc":{"Est. reading time":"2 minutes"},"schema":{"@context":"https:\/\/schema.org","@graph":[{"@type":"WebPage","@id":"https:\/\/chic-chac.com\/en\/ski-and-snowboard1\/playgrounds\/york-river\/","url":"https:\/\/chic-chac.com\/en\/ski-and-snowboard1\/playgrounds\/york-river\/","name":"The York River - Gaspesie - Chic-Chac | Murdochville","isPartOf":{"@id":"https:\/\/chic-chac.com\/#website"},"datePublished":"2020-10-15T14:33:29+00:00","dateModified":"2024-06-27T16:59:14+00:00","description":"One of the most sought after salmon river in Canada, flows on 98km, rafting. Starts for Lake York and runs through Gasp\u00e9","breadcrumb":{"@id":"https:\/\/chic-chac.com\/en\/ski-and-snowboard1\/playgrounds\/york-river\/#breadcrumb"},"inLanguage":"en-US","potentialAction":[{"@type":"ReadAction","target":["https:\/\/chic-chac.com\/en\/ski-and-snowboard1\/playgrounds\/york-river\/"]}]},{"@type":"BreadcrumbList","@id":"https:\/\/chic-chac.com\/en\/ski-and-snowboard1\/playgrounds\/york-river\/#breadcrumb","itemListElement":[{"@type":"ListItem","position":1,"name":"Accueil","item":"https:\/\/chic-chac.com\/en\/"},{"@type":"ListItem","position":2,"name":"Ski &#038; Snowboard","item":"https:\/\/chic-chac.com\/en\/ski-and-snowboard1\/"},{"@type":"ListItem","position":3,"name":"Playgrounds","item":"https:\/\/chic-chac.com\/en\/ski-and-snowboard1\/playgrounds\/"},{"@type":"ListItem","position":4,"name":"York river"}]},{"@type":"WebSite","@id":"https:\/\/chic-chac.com\/#website","url":"https:\/\/chic-chac.com\/","name":"Chic-Chac","description":"","potentialAction":[{"@type":"SearchAction","target":{"@type":"EntryPoint","urlTemplate":"https:\/\/chic-chac.com\/?s={search_term_string}"},"query-input":{"@type":"PropertyValueSpecification","valueRequired":true,"valueName":"search_term_string"}}],"inLanguage":"en-US"}]}},"_links":{"self":[{"href":"https:\/\/chic-chac.com\/en\/wp-json\/wp\/v2\/pages\/5826","targetHints":{"allow":["GET"]}}],"collection":[{"href":"https:\/\/chic-chac.com\/en\/wp-json\/wp\/v2\/pages"}],"about":[{"href":"https:\/\/chic-chac.com\/en\/wp-json\/wp\/v2\/types\/page"}],"author":[{"embeddable":true,"href":"https:\/\/chic-chac.com\/en\/wp-json\/wp\/v2\/users\/1"}],"replies":[{"embeddable":true,"href":"https:\/\/chic-chac.com\/en\/wp-json\/wp\/v2\/comments?post=5826"}],"version-history":[{"count":16,"href":"https:\/\/chic-chac.com\/en\/wp-json\/wp\/v2\/pages\/5826\/revisions"}],"predecessor-version":[{"id":11829,"href":"https:\/\/chic-chac.com\/en\/wp-json\/wp\/v2\/pages\/5826\/revisions\/11829"}],"up":[{"embeddable":true,"href":"https:\/\/chic-chac.com\/en\/wp-json\/wp\/v2\/pages\/5877"}],"wp:attachment":[{"href":"https:\/\/chic-chac.com\/en\/wp-json\/wp\/v2\/media?parent=5826"}],"curies":[{"name":"wp","href":"https:\/\/api.w.org\/{rel}","templated":true}]}}