{"id":7607,"date":"2020-11-12T13:46:12","date_gmt":"2020-11-12T13:46:12","guid":{"rendered":"http:\/\/www.chic-chac.com\/?page_id=7607"},"modified":"2020-11-16T16:08:58","modified_gmt":"2020-11-16T16:08:58","slug":"jobs","status":"publish","type":"page","link":"https:\/\/chic-chac.com\/en\/jobs\/","title":{"rendered":"Jobs"},"content":{"rendered":"<div class=\"wpb-content-wrapper\">[vc_row][vc_column][gt3_spacing height=&#8221;45px&#8221;][\/vc_column][\/vc_row][vc_row column_separator_row=&#8221;&#8221;][vc_column][gt3_custom_text text_color=&#8221;&#8221; font_size=&#8221;16&#8243;]\n<h3 style=\"text-align: center;\">Jobs (French only)<\/h3>\n<p style=\"text-align: center;\"><span>We&#8217;re always looking for fun and passionate people. Apply now!<\/span><\/p>\n[\/gt3_custom_text][gt3_spacing height=&#8221;45px&#8221;][\/vc_column][\/vc_row][vc_row column_separator_row=&#8221;&#8221;][vc_column][vc_toggle title=&#8221;Services client\u00e8le&#8221; style=&#8221;accordion_alternative&#8221; color=&#8221;chevron&#8221; size=&#8221;right&#8221;]La vendeuse ou le vendeur travaille dans l\u2019\u00e9tablissement, face \u00e0 face avec la client\u00e8le, par courriel et au t\u00e9l\u00e9phone. De fa\u00e7on autonome, il conseille la client\u00e8le et vend des produits et services. Pour cela, il prend contact et accueille les clients, d\u00e9termine ses besoins et lui propose des produits et services, surmonte les objections et conclue la vente, \u00e9value les co\u00fbts et propose des modes de paiement appropri\u00e9s, propose des produits compl\u00e9mentaires ou suppl\u00e9mentaires, proc\u00e8de \u00e0 la facturation et s\u2019assure de la satisfaction de la client\u00e8le. \u00a0Il est responsable de l\u2019atteinte de ses objectifs de vente.<\/p>\n<p><a href=\"https:\/\/chic-chac.com\/emplois\/service-clientele\/\">Voir plus<\/a>[\/vc_toggle][vc_toggle title=&#8221;Cuisinier&#8221; style=&#8221;accordion_alternative&#8221; color=&#8221;chevron&#8221; size=&#8221;right&#8221;]Le cuisinier r\u00e9alise la conception des plats et participe \u00e0 l\u2019\u00e9volution du menu du restaurant. Il s\u2019assure de la salubrit\u00e9 de son lieu de travail.<\/p>\n<p><a href=\"https:\/\/chic-chac.com\/emplois\/cuisinier\/\">Voir plus<\/a>[\/vc_toggle][\/vc_column][\/vc_row][vc_row][vc_column][gt3_spacing height=&#8221;80px&#8221;][\/vc_column][\/vc_row]\n<\/div>","protected":false},"excerpt":{"rendered":"<p>[vc_row][vc_column][gt3_spacing height=&#8221;45px&#8221;][\/vc_column][\/vc_row][vc_row column_separator_row=&#8221;&#8221;][vc_column][gt3_custom_text text_color=&#8221;&#8221; font_size=&#8221;16&#8243;] Jobs (French only) We&#8217;re always looking for fun and passionate people. Apply now! [\/gt3_custom_text][gt3_spacing height=&#8221;45px&#8221;][\/vc_column][\/vc_row][vc_row column_separator_row=&#8221;&#8221;][vc_column][vc_toggle title=&#8221;Services client\u00e8le&#8221; style=&#8221;accordion_alternative&#8221; color=&#8221;chevron&#8221; size=&#8221;right&#8221;]La vendeuse ou le vendeur travaille dans l\u2019\u00e9tablissement, face \u00e0 face avec la client\u00e8le, par courriel et au t\u00e9l\u00e9phone. De fa\u00e7on autonome, il conseille la client\u00e8le et vend des produits [&hellip;]<\/p>\n","protected":false},"author":1,"featured_media":0,"parent":0,"menu_order":0,"comment_status":"closed","ping_status":"closed","template":"","meta":{"footnotes":""},"class_list":["post-7607","page","type-page","status-publish","hentry"],"yoast_head":"<!-- This site is optimized with the Yoast SEO plugin v27.4 - https:\/\/yoast.com\/product\/yoast-seo-wordpress\/ -->\n<title>Jobs in Gaspesie - Chic-Chac - Chic-Chocs | Murdochville<\/title>\n<meta name=\"description\" content=\"We&#039;re always looking for fun and passionate people. Apply now! Work and play in the Chic-Chocs. Ski touring, catski, heliski\" \/>\n<meta name=\"robots\" content=\"index, follow, max-snippet:-1, max-image-preview:large, max-video-preview:-1\" \/>\n<link rel=\"canonical\" href=\"https:\/\/chic-chac.com\/emplois\/\" \/>\n<meta property=\"og:locale\" content=\"en_US\" \/>\n<meta property=\"og:type\" content=\"article\" \/>\n<meta property=\"og:title\" content=\"Jobs in Gaspesie - Chic-Chac - Chic-Chocs | Murdochville\" \/>\n<meta property=\"og:description\" content=\"We&#039;re always looking for fun and passionate people. Apply now! Work and play in the Chic-Chocs. Ski touring, catski, heliski\" \/>\n<meta property=\"og:url\" content=\"https:\/\/chic-chac.com\/emplois\/\" \/>\n<meta property=\"og:site_name\" content=\"Chic-Chac\" \/>\n<meta property=\"article:modified_time\" content=\"2020-11-16T16:08:58+00:00\" \/>\n<meta property=\"og:image\" content=\"https:\/\/chic-chac.com\/wp-content\/uploads\/2020\/11\/DSC00285-1-header-1920px.jpg\" \/>\n\t<meta property=\"og:image:width\" content=\"1920\" \/>\n\t<meta property=\"og:image:height\" content=\"936\" \/>\n\t<meta property=\"og:image:type\" content=\"image\/jpeg\" \/>\n<meta name=\"twitter:card\" content=\"summary_large_image\" \/>\n<meta name=\"twitter:image\" content=\"https:\/\/chic-chac.com\/wp-content\/uploads\/2020\/11\/DSC00285-1-header-1920px.jpg\" \/>\n<meta name=\"twitter:label1\" content=\"Est. reading time\" \/>\n\t<meta name=\"twitter:data1\" content=\"1 minute\" \/>\n<script type=\"application\/ld+json\" class=\"yoast-schema-graph\">{\"@context\":\"https:\\\/\\\/schema.org\",\"@graph\":[{\"@type\":\"WebPage\",\"@id\":\"https:\\\/\\\/chic-chac.com\\\/emplois\\\/\",\"url\":\"https:\\\/\\\/chic-chac.com\\\/emplois\\\/\",\"name\":\"Jobs in Gaspesie - Chic-Chac - Chic-Chocs | Murdochville\",\"isPartOf\":{\"@id\":\"https:\\\/\\\/chic-chac.com\\\/#website\"},\"datePublished\":\"2020-11-12T13:46:12+00:00\",\"dateModified\":\"2020-11-16T16:08:58+00:00\",\"description\":\"We're always looking for fun and passionate people. Apply now! Work and play in the Chic-Chocs. Ski touring, catski, heliski\",\"breadcrumb\":{\"@id\":\"https:\\\/\\\/chic-chac.com\\\/emplois\\\/#breadcrumb\"},\"inLanguage\":\"en-US\",\"potentialAction\":[{\"@type\":\"ReadAction\",\"target\":[\"https:\\\/\\\/chic-chac.com\\\/emplois\\\/\"]}]},{\"@type\":\"BreadcrumbList\",\"@id\":\"https:\\\/\\\/chic-chac.com\\\/emplois\\\/#breadcrumb\",\"itemListElement\":[{\"@type\":\"ListItem\",\"position\":1,\"name\":\"Accueil\",\"item\":\"https:\\\/\\\/chic-chac.com\\\/en\\\/\"},{\"@type\":\"ListItem\",\"position\":2,\"name\":\"Jobs\"}]},{\"@type\":\"WebSite\",\"@id\":\"https:\\\/\\\/chic-chac.com\\\/#website\",\"url\":\"https:\\\/\\\/chic-chac.com\\\/\",\"name\":\"Chic-Chac\",\"description\":\"\",\"potentialAction\":[{\"@type\":\"SearchAction\",\"target\":{\"@type\":\"EntryPoint\",\"urlTemplate\":\"https:\\\/\\\/chic-chac.com\\\/?s={search_term_string}\"},\"query-input\":{\"@type\":\"PropertyValueSpecification\",\"valueRequired\":true,\"valueName\":\"search_term_string\"}}],\"inLanguage\":\"en-US\"}]}<\/script>\n<!-- \/ Yoast SEO plugin. -->","yoast_head_json":{"title":"Jobs in Gaspesie - Chic-Chac - Chic-Chocs | Murdochville","description":"We're always looking for fun and passionate people. Apply now! Work and play in the Chic-Chocs. Ski touring, catski, heliski","robots":{"index":"index","follow":"follow","max-snippet":"max-snippet:-1","max-image-preview":"max-image-preview:large","max-video-preview":"max-video-preview:-1"},"canonical":"https:\/\/chic-chac.com\/emplois\/","og_locale":"en_US","og_type":"article","og_title":"Jobs in Gaspesie - Chic-Chac - Chic-Chocs | Murdochville","og_description":"We're always looking for fun and passionate people. Apply now! Work and play in the Chic-Chocs. Ski touring, catski, heliski","og_url":"https:\/\/chic-chac.com\/emplois\/","og_site_name":"Chic-Chac","article_modified_time":"2020-11-16T16:08:58+00:00","og_image":[{"width":1920,"height":936,"url":"https:\/\/chic-chac.com\/wp-content\/uploads\/2020\/11\/DSC00285-1-header-1920px.jpg","type":"image\/jpeg"}],"twitter_card":"summary_large_image","twitter_image":"https:\/\/chic-chac.com\/wp-content\/uploads\/2020\/11\/DSC00285-1-header-1920px.jpg","twitter_misc":{"Est. reading time":"1 minute"},"schema":{"@context":"https:\/\/schema.org","@graph":[{"@type":"WebPage","@id":"https:\/\/chic-chac.com\/emplois\/","url":"https:\/\/chic-chac.com\/emplois\/","name":"Jobs in Gaspesie - Chic-Chac - Chic-Chocs | Murdochville","isPartOf":{"@id":"https:\/\/chic-chac.com\/#website"},"datePublished":"2020-11-12T13:46:12+00:00","dateModified":"2020-11-16T16:08:58+00:00","description":"We're always looking for fun and passionate people. Apply now! Work and play in the Chic-Chocs. Ski touring, catski, heliski","breadcrumb":{"@id":"https:\/\/chic-chac.com\/emplois\/#breadcrumb"},"inLanguage":"en-US","potentialAction":[{"@type":"ReadAction","target":["https:\/\/chic-chac.com\/emplois\/"]}]},{"@type":"BreadcrumbList","@id":"https:\/\/chic-chac.com\/emplois\/#breadcrumb","itemListElement":[{"@type":"ListItem","position":1,"name":"Accueil","item":"https:\/\/chic-chac.com\/en\/"},{"@type":"ListItem","position":2,"name":"Jobs"}]},{"@type":"WebSite","@id":"https:\/\/chic-chac.com\/#website","url":"https:\/\/chic-chac.com\/","name":"Chic-Chac","description":"","potentialAction":[{"@type":"SearchAction","target":{"@type":"EntryPoint","urlTemplate":"https:\/\/chic-chac.com\/?s={search_term_string}"},"query-input":{"@type":"PropertyValueSpecification","valueRequired":true,"valueName":"search_term_string"}}],"inLanguage":"en-US"}]}},"_links":{"self":[{"href":"https:\/\/chic-chac.com\/en\/wp-json\/wp\/v2\/pages\/7607","targetHints":{"allow":["GET"]}}],"collection":[{"href":"https:\/\/chic-chac.com\/en\/wp-json\/wp\/v2\/pages"}],"about":[{"href":"https:\/\/chic-chac.com\/en\/wp-json\/wp\/v2\/types\/page"}],"author":[{"embeddable":true,"href":"https:\/\/chic-chac.com\/en\/wp-json\/wp\/v2\/users\/1"}],"replies":[{"embeddable":true,"href":"https:\/\/chic-chac.com\/en\/wp-json\/wp\/v2\/comments?post=7607"}],"version-history":[{"count":4,"href":"https:\/\/chic-chac.com\/en\/wp-json\/wp\/v2\/pages\/7607\/revisions"}],"predecessor-version":[{"id":7650,"href":"https:\/\/chic-chac.com\/en\/wp-json\/wp\/v2\/pages\/7607\/revisions\/7650"}],"wp:attachment":[{"href":"https:\/\/chic-chac.com\/en\/wp-json\/wp\/v2\/media?parent=7607"}],"curies":[{"name":"wp","href":"https:\/\/api.w.org\/{rel}","templated":true}]}}